{"id":139,"date":"2025-03-25T10:00:21","date_gmt":"2025-03-25T09:00:21","guid":{"rendered":"https:\/\/www.asinfarma.com\/aulavirtual360\/?page_id=139"},"modified":"2025-07-10T14:02:19","modified_gmt":"2025-07-10T12:02:19","slug":"cursos","status":"publish","type":"page","link":"https:\/\/www.asinfarma.com\/aulavirtual360\/cursos\/","title":{"rendered":"Cursos"},"content":{"rendered":"\n<div class=\"wp-block-group\"><div class=\"wp-block-group__inner-container is-layout-constrained wp-block-group-is-layout-constrained\">\n<h2 class=\"wp-block-heading has-text-align-center\"><strong>Click&amp;GO: Cat\u00e1logo de formaci\u00f3n t\u00e9cnica<\/strong><\/h2>\n\n\n\n<div style=\"height:40px\" aria-hidden=\"true\" class=\"wp-block-spacer\"><\/div>\n\n\n\n<h3 class=\"wp-block-heading margin-bottom-0 has-base-3-color has-global-color-10-background-color has-text-color has-background has-link-color wp-elements-11fe822bf5831131287c00f72ca6c35a\"><strong>Normas de correcta fabricaci\u00f3n<\/strong><\/h3>\n\n\n\n<figure class=\"wp-block-table is-style-regular cursos\"><table><thead><tr><td>&nbsp;<\/td><td><strong>T\u00edtulo del curso<\/strong><\/td><td><strong>Nivel t\u00e9cnico<\/strong><\/td><td><strong>Destinatarios<\/strong><\/td><td><strong>Departamentos aplicables<\/strong><\/td><td><strong>Horas lectivas*<\/strong><\/td><\/tr><\/thead><tbody><tr><td>C1<\/td><td><strong><a href=\"https:\/\/www.asinfarma.com\/aulavirtual360\/normas-de-correcta-fabricacion-gmp-inicial-produccion\/\">Normas de correcta fabricaci\u00f3n (GMP) \u2013 Inicial Producci\u00f3n<\/a><\/strong><\/td><td>Inicial<\/td><td>Personal de mano de obra directa producci\u00f3n<\/td><td>Producci\u00f3n<\/td><td>3<\/td><\/tr><tr><td>C2<\/td><td><a href=\"https:\/\/www.asinfarma.com\/aulavirtual360\/normas-de-correcta-fabricacion-gmp-inicial-control-de-calidad\/\"><strong>Normas de correcta fabricaci\u00f3n (GMP) \u2013 Inicial Control de Calidad<\/strong><\/a><\/td><td>Inicial<\/td><td>Personal de mano de obra directa control de calidad<\/td><td>Control de Calidad<\/td><td>3<\/td><\/tr><tr><td>C3<\/td><td><a href=\"https:\/\/www.asinfarma.com\/aulavirtual360\/normas-de-correcta-fabricacion-gmp-intermedio\/\"><strong>Normas de correcta fabricaci\u00f3n (GMP) &#8211; Intermedio<\/strong><\/a><\/td><td>Intermedio<\/td><td>Personal de mano de obra directa, personal t\u00e9cnico y responsable<\/td><td>Producci\u00f3n, Control de calidad, I+D, Garant\u00eda de Calidad, Ingenier\u00eda<\/td><td>5<\/td><\/tr><tr><td>C4<\/td><td><a href=\"https:\/\/www.asinfarma.com\/aulavirtual360\/normas-de-correcta-fabricacion-gmp-avanzado\/\"><strong>Normas de correcta fabricaci\u00f3n (GMP) &#8211; Avanzado<\/strong><\/a><\/td><td>Avanzado<\/td><td>Personal t\u00e9cnico y responsable<\/td><td>Producci\u00f3n, Control de calidad, I+D, Garant\u00eda de Calidad, Ingenier\u00eda<\/td><td>6<\/td><\/tr><tr><td>C5<\/td><td><a href=\"https:\/\/www.asinfarma.com\/aulavirtual360\/anexo-1-gmp-esteriles\/\"><strong>Anexo 1 GMP Est\u00e9riles<\/strong><\/a><\/td><td>Avanzado<\/td><td>Personal t\u00e9cnico y responsable<\/td><td>Producci\u00f3n, Control de calidad, Garant\u00eda de Calidad, Ingenier\u00eda<\/td><td>8<\/td><\/tr><\/tbody><\/table><\/figure>\n\n\n\n<h3 class=\"wp-block-heading margin-bottom-0 has-base-3-color has-global-color-10-background-color has-text-color has-background has-link-color wp-elements-196afd1bfe8d2cbf82ef347f31f90cab\"><strong>Fabricaci\u00f3n de medicamentos est\u00e9riles<\/strong><\/h3>\n\n\n\n<figure class=\"wp-block-table is-style-regular cursos\"><table><thead><tr><td>&nbsp;<\/td><td><strong>T\u00edtulo del curso<\/strong><\/td><td><strong>Nivel t\u00e9cnico<\/strong><\/td><td><strong>Destinatarios<\/strong><\/td><td><strong>Departamentos aplicables<\/strong><\/td><td><strong>Horas lectivas*<\/strong><\/td><\/tr><\/thead><tbody><tr><td>C6<\/td><td><a href=\"https:\/\/www.asinfarma.com\/aulavirtual360\/procesos-asepticos-intermedio\/\"><strong>Procesos as\u00e9pticos \u2013 Intermedio<\/strong><\/a><\/td><td>Intermedio<\/td><td>Personal de mano de obra directa<\/td><td>Producci\u00f3n, Control de Calidad<\/td><td>2<\/td><\/tr><tr><td>C7<\/td><td><a href=\"https:\/\/www.asinfarma.com\/aulavirtual360\/procesos-asepticos-avanzado\/\"><strong>Procesos as\u00e9pticos \u2013 Avanzado<\/strong><\/a><\/td><td>Avanzado<\/td><td>Personal t\u00e9cnico y responsable<\/td><td>Producci\u00f3n, Control de calidad, Garant\u00eda de Calidad, Ingenier\u00eda<\/td><td>8<\/td><\/tr><tr><td>C8<\/td><td><a href=\"https:\/\/www.asinfarma.com\/aulavirtual360\/inspeccion-de-particulas-visibles-intermedio\/\"><strong>Inspecci\u00f3n de part\u00edculas visibles \u2013 Intermedio<\/strong><\/a><\/td><td>Intermedio<\/td><td>Personal de mano de obra directa y analistas<\/td><td>Producci\u00f3n, Control de Calidad<\/td><td>2<\/td><\/tr><tr><td>C9<\/td><td><strong><a href=\"https:\/\/www.asinfarma.com\/aulavirtual360\/inspeccion-de-particulas-visibles-avanzado\/\">Inspecci\u00f3n de part\u00edculas visibles \u2013 Avanzado<\/a><\/strong><\/td><td>Avanzado<\/td><td>Personal t\u00e9cnico y responsable<\/td><td>Producci\u00f3n, Control de Calidad, Garant\u00eda de Calidad<\/td><td>4<\/td><\/tr><tr><td>C10<\/td><td><strong><a href=\"https:\/\/www.asinfarma.com\/aulavirtual360\/monitorizacion-microbiologica-de-salas-clasificadas\/\">Monitorizaci\u00f3n microbiol\u00f3gica de salas clasificadas<\/a><\/strong><\/td><td>Avanzado<\/td><td>Personal t\u00e9cnico y responsable<\/td><td>Producci\u00f3n, Control de Calidad, Garant\u00eda de Calidad<\/td><td>6<\/td><\/tr><\/tbody><\/table><\/figure>\n\n\n\n<h3 class=\"wp-block-heading margin-bottom-0 has-base-3-color has-global-color-10-background-color has-text-color has-background has-link-color wp-elements-de51ce7f6432dedc4ed0863637202125\"><strong>Integridad de datos<\/strong><\/h3>\n\n\n\n<figure class=\"wp-block-table is-style-regular cursos\"><table><thead><tr><td>&nbsp;<\/td><td><strong>T\u00edtulo del curso<\/strong><\/td><td><strong>Nivel t\u00e9cnico<\/strong><\/td><td><strong>Destinatarios<\/strong><\/td><td><strong>Departamentos aplicables<\/strong><\/td><td><strong>Horas lectivas*<\/strong><\/td><\/tr><\/thead><tbody><tr><td>C11<\/td><td><strong><a href=\"https:\/\/www.asinfarma.com\/aulavirtual360\/integridad-de-datos-inicial\/\">Integridad de datos &#8211; Inicial<\/a><\/strong><\/td><td>Inicial<\/td><td>Personal de mano de obra directa<\/td><td>Producci\u00f3n<\/td><td>2<\/td><\/tr><tr><td>C12<\/td><td><a href=\"https:\/\/www.asinfarma.com\/aulavirtual360\/integridad-de-datos-intermedio\/\"><strong>Integridad de datos &#8211; Intermedio<\/strong><\/a><\/td><td>Intermedio<\/td><td>Analistas de laboratorio<\/td><td>Control de Calidad, I+D<\/td><td>3<\/td><\/tr><tr><td>C13<\/td><td><strong><a href=\"https:\/\/www.asinfarma.com\/aulavirtual360\/integridad-de-datos-avanzado\/\">Integridad de datos &#8211; Avanzado<\/a><\/strong><\/td><td>Avanzado<\/td><td>Personal t\u00e9cnico y responsable<\/td><td>Producci\u00f3n, Control de calidad, I+D, Garant\u00eda de Calidad, Ingenier\u00eda<\/td><td>4<\/td><\/tr><\/tbody><\/table><\/figure>\n\n\n\n<h3 class=\"wp-block-heading margin-bottom-0 has-base-3-color has-global-color-10-background-color has-text-color has-background has-link-color wp-elements-ae14a19e9ef6091323211e891865243b\"><strong>Buenas pr\u00e1cticas de laboratorio<\/strong><\/h3>\n\n\n\n<figure class=\"wp-block-table is-style-regular cursos\"><table><thead><tr><td>&nbsp;<\/td><td><strong>T\u00edtulo del curso<\/strong><\/td><td><strong>Nivel t\u00e9cnico<\/strong><\/td><td><strong>Destinatarios<\/strong><\/td><td><strong>Departamentos aplicables<\/strong><\/td><td><strong>Horas lectivas*<\/strong><\/td><\/tr><\/thead><tbody><tr><td>C14<\/td><td><strong><a href=\"https:\/\/www.asinfarma.com\/aulavirtual360\/bpl-generales-intermedio\/\">BPL Generales &#8211; Intermedio<\/a><\/strong><\/td><td>Intermedio<\/td><td>Analistas de laboratorio<\/td><td>Control de Calidad, I+D<\/td><td>2<\/td><\/tr><tr><td>C15<\/td><td><strong><a href=\"https:\/\/www.asinfarma.com\/aulavirtual360\/bpl-generales-avanzado\/\">BPL Generales &#8211; Avanzado<\/a><\/strong><\/td><td>Avanzado<\/td><td>Personal t\u00e9cnico y responsable<\/td><td>Control de calidad, I+D, Garant\u00eda de Calidad<\/td><td>4<\/td><\/tr><tr><td>C16<\/td><td><strong><a href=\"https:\/\/www.asinfarma.com\/aulavirtual360\/bpl-microbiologia-intermedio\/\">BPL Microbiolog\u00eda &#8211; Intermedio<\/a><\/strong><\/td><td>Intermedio<\/td><td>Analistas de laboratorio<\/td><td>Control de Calidad, I+D<\/td><td>2<\/td><\/tr><tr><td>C17<\/td><td><strong><a href=\"https:\/\/www.asinfarma.com\/aulavirtual360\/bpl-microbiologia-avanzado\/\">BPL Microbiolog\u00eda -Avanzado<\/a><\/strong><\/td><td>Avanzado<\/td><td>Personal t\u00e9cnico y responsable<\/td><td>Control de calidad, I+D, Garant\u00eda de Calidad<\/td><td>3<\/td><\/tr><\/tbody><\/table><\/figure>\n\n\n\n<h3 class=\"wp-block-heading margin-bottom-0 has-base-3-color has-global-color-10-background-color has-text-color has-background has-link-color wp-elements-333d2c77adb296a3019e15fc1a343aaa\"><strong>Gesti\u00f3n de desviaciones<\/strong><\/h3>\n\n\n\n<figure class=\"wp-block-table is-style-regular cursos\"><table><thead><tr><td>&nbsp;<\/td><td><strong>T\u00edtulo del curso<\/strong><\/td><td><strong>Nivel t\u00e9cnico<\/strong><\/td><td><strong>Destinatarios<\/strong><\/td><td><strong>Departamentos aplicables<\/strong><\/td><td><strong>Horas lectivas*<\/strong><\/td><\/tr><\/thead><tbody><tr><td>C18<\/td><td><a href=\"https:\/\/www.asinfarma.com\/aulavirtual360\/gestion-de-desviaciones\/\"><strong>Gesti\u00f3n de desviaciones<\/strong><\/a><\/td><td>Avanzado<\/td><td>Personal t\u00e9cnico y responsable<\/td><td>Control de calidad, Producci\u00f3n, Ingenier\u00eda, Garant\u00eda de Calidad<\/td><td>6<\/td><\/tr><tr><td>C19<\/td><td><strong><a href=\"https:\/\/www.asinfarma.com\/aulavirtual360\/gestion-de-oos-out-of-specification\/\">Gesti\u00f3n de OOS (<em>Out Of Specifications<\/em>)<\/a><\/strong><\/td><td>Avanzado<\/td><td>Personal t\u00e9cnico y responsable<\/td><td>Control de calidad, Garant\u00eda de Calidad<\/td><td>4<\/td><\/tr><tr><td>C20<\/td><td><strong><a href=\"https:\/\/www.asinfarma.com\/aulavirtual360\/gestion-de-desviaciones-de-resultados-microbiologicos-avanzado\/\">Gesti\u00f3n de desviaciones de resultados microbiol\u00f3gicos &#8211; Avanzado<\/a><\/strong><\/td><td>Avanzado<\/td><td>Personal t\u00e9cnico y responsable<\/td><td>Control de calidad, Garant\u00eda de Calidad<\/td><td>6<\/td><\/tr><\/tbody><\/table><\/figure>\n\n\n\n<h3 class=\"wp-block-heading margin-bottom-0 has-base-3-color has-global-color-10-background-color has-text-color has-background has-link-color wp-elements-1868c9c93c22150bffc7aba9e35d960e\"><strong>Cualificaciones y validaciones<\/strong><\/h3>\n\n\n\n<figure class=\"wp-block-table is-style-regular cursos\"><table><thead><tr><td>&nbsp;<\/td><td><strong>T\u00edtulo del curso<\/strong><\/td><td><strong>Nivel t\u00e9cnico<\/strong><\/td><td><strong>Destinatarios<\/strong><\/td><td><strong>Departamentos aplicables<\/strong><\/td><td><strong>Horas lectivas*<\/strong><\/td><\/tr><\/thead><tbody><tr><td>C21<\/td><td><strong><a href=\"https:\/\/www.asinfarma.com\/aulavirtual360\/validacion-de-procesos\/\">Validaci\u00f3n de procesos<\/a><\/strong><\/td><td>Avanzado<\/td><td>Personal t\u00e9cnico y responsable<\/td><td>Validaciones, Garant\u00eda de Calidad, Producci\u00f3n<\/td><td>6<\/td><\/tr><tr><td>C22<\/td><td><strong><a href=\"https:\/\/www.asinfarma.com\/aulavirtual360\/validacion-de-limpiezas-avanzado\/\">Validaci\u00f3n de limpiezas &#8211; Avanzado<\/a><\/strong><\/td><td>Avanzado<\/td><td>Personal t\u00e9cnico y responsable<\/td><td>Validaciones, Control de calidad, Garant\u00eda de Calidad, Producci\u00f3n<\/td><td>4<\/td><\/tr><tr><td>C23<\/td><td><strong><a href=\"https:\/\/www.asinfarma.com\/aulavirtual360\/cualificacion-de-salas-limpias\/\">Cualificaci\u00f3n de salas limpias<\/a><\/strong><\/td><td>Avanzado<\/td><td>Personal t\u00e9cnico y responsable<\/td><td>Ingenier\u00eda, Garant\u00eda de Calidad, Producci\u00f3n<\/td><td>4<\/td><\/tr><tr><td>C24<\/td><td><strong><a href=\"https:\/\/www.asinfarma.com\/aulavirtual360\/cualificacion-de-equipos\/\">Cualificaci\u00f3n de equipos<\/a><\/strong><\/td><td>Avanzado<\/td><td>Personal t\u00e9cnico y responsable<\/td><td>Ingenier\u00eda, Garant\u00eda de Calidad, Producci\u00f3n<\/td><td>4<\/td><\/tr><\/tbody><\/table><\/figure>\n\n\n\n<h3 class=\"wp-block-heading margin-bottom-0 has-base-3-color has-global-color-10-background-color has-text-color has-background has-link-color wp-elements-a4687cdb9b99903a7620c51a1a8aaf1e\"><strong>Formaciones complementarias<\/strong><\/h3>\n\n\n\n<figure class=\"wp-block-table is-style-regular cursos\"><table><thead><tr><td>&nbsp;<\/td><td><strong>T\u00edtulo del curso<\/strong><\/td><td><strong>Nivel t\u00e9cnico<\/strong><\/td><td><strong>Destinatarios<\/strong><\/td><td><strong>Departamentos aplicables<\/strong><\/td><td><strong>Horas lectivas*<\/strong><\/td><\/tr><\/thead><tbody><tr><td>C25<\/td><td><strong><a href=\"https:\/\/www.asinfarma.com\/aulavirtual360\/auditorias-e-inspecciones-avanzado\/\">Auditor\u00edas e inspecciones \u2013 Avanzado<\/a><\/strong><\/td><td>Avanzado<\/td><td>Personal t\u00e9cnico y responsable<\/td><td>Garant\u00eda de Calidad<\/td><td>4<\/td><\/tr><tr><td>C26<\/td><td><strong><a href=\"https:\/\/www.asinfarma.com\/aulavirtual360\/gestion-de-riesgos-de-calidad-quality-risk-management-ich-q9-avanzado\/\">Gesti\u00f3n de riesgos de calidad (<em>Quality Risk Management<\/em> \u2013 ICH Q9 \u2013 Avanzado<\/a><\/strong><\/td><td>Avanzado<\/td><td>Personal t\u00e9cnico y responsable<\/td><td>Garant\u00eda de Calidad, Ingenier\u00eda, Control de Calidad, Producci\u00f3n<\/td><td>6<\/td><\/tr><\/tbody><\/table><\/figure>\n\n\n\n<p class=\"has-small-font-size\">*Horas lectivas: Incluye tiempo te\u00f3rico y de actividades pr\u00e1cticas<\/p>\n\n\n\n<div style=\"height:40px\" aria-hidden=\"true\" class=\"wp-block-spacer\"><\/div>\n\n\n\n<h2 class=\"wp-block-heading has-text-align-center\">Cursos Tailor&amp;Go<\/h2>\n\n\n\n<div class=\"wp-block-group has-global-color-15-background-color has-background\"><div class=\"wp-block-group__inner-container is-layout-constrained wp-block-group-is-layout-constrained\">\n<p class=\"has-text-align-center has-medium-font-size\">Para crear una soluci\u00f3n formativa a medida de tus necesidades contacta con nosotros.<\/p>\n\n\n\n<div class=\"wp-block-buttons is-content-justification-center is-layout-flex wp-container-core-buttons-is-layout-16018d1d wp-block-buttons-is-layout-flex\">\n<div class=\"wp-block-button has-custom-font-size has-medium-font-size\"><a class=\"wp-block-button__link has-global-color-10-background-color has-background wp-element-button\" href=\"https:\/\/www.asinfarma.com\/contacto\/\" target=\"_blank\" rel=\"noreferrer noopener\"><strong>Solicitar presupuesto <i class=\"fa fa-external-link fa-fw\" aria-hidden=\"true\"><\/i><\/strong><\/a><\/div>\n<\/div>\n<\/div><\/div>\n<\/div><\/div>\n","protected":false},"excerpt":{"rendered":"<p>Click&amp;GO: Cat\u00e1logo de formaci\u00f3n t\u00e9cnica Normas de correcta fabricaci\u00f3n &nbsp; T\u00edtulo del curso Nivel t\u00e9cnico Destinatarios Departamentos aplicables Horas lectivas* C1 Normas de correcta fabricaci\u00f3n (GMP) \u2013 Inicial Producci\u00f3n Inicial Personal de mano de obra directa producci\u00f3n Producci\u00f3n 3 C2 Normas de correcta fabricaci\u00f3n (GMP) \u2013 Inicial Control de Calidad Inicial Personal de mano de &#8230; <a title=\"Cursos\" class=\"read-more\" href=\"https:\/\/www.asinfarma.com\/aulavirtual360\/cursos\/\" aria-label=\"Leer m\u00e1s sobre Cursos\">Leer m\u00e1s<\/a><\/p>\n","protected":false},"author":1,"featured_media":0,"parent":0,"menu_order":0,"comment_status":"closed","ping_status":"closed","template":"","meta":{"inline_featured_image":false,"footnotes":""},"class_list":["post-139","page","type-page","status-publish"],"yoast_head":"<!-- This site is optimized with the Yoast SEO plugin v26.9 - https:\/\/yoast.com\/product\/yoast-seo-wordpress\/ -->\n<title>Cursos - Aula virtual 360 Asinfarma<\/title>\n<meta name=\"robots\" content=\"index, follow, max-snippet:-1, max-image-preview:large, max-video-preview:-1\" \/>\n<link rel=\"canonical\" href=\"https:\/\/www.asinfarma.com\/aulavirtual360\/cursos\/\" \/>\n<meta property=\"og:locale\" content=\"es_ES\" \/>\n<meta property=\"og:type\" content=\"article\" \/>\n<meta property=\"og:title\" content=\"Cursos - Aula virtual 360 Asinfarma\" \/>\n<meta property=\"og:description\" content=\"Click&amp;GO: Cat\u00e1logo de formaci\u00f3n t\u00e9cnica Normas de correcta fabricaci\u00f3n &nbsp; T\u00edtulo del curso Nivel t\u00e9cnico Destinatarios Departamentos aplicables Horas lectivas* C1 Normas de correcta fabricaci\u00f3n (GMP) \u2013 Inicial Producci\u00f3n Inicial Personal de mano de obra directa producci\u00f3n Producci\u00f3n 3 C2 Normas de correcta fabricaci\u00f3n (GMP) \u2013 Inicial Control de Calidad Inicial Personal de mano de ... Leer m\u00e1s\" \/>\n<meta property=\"og:url\" content=\"https:\/\/www.asinfarma.com\/aulavirtual360\/cursos\/\" \/>\n<meta property=\"og:site_name\" content=\"Aula virtual 360 Asinfarma\" \/>\n<meta property=\"article:modified_time\" content=\"2025-07-10T12:02:19+00:00\" \/>\n<meta name=\"twitter:card\" content=\"summary_large_image\" \/>\n<meta name=\"twitter:label1\" content=\"Tiempo de lectura\" \/>\n\t<meta name=\"twitter:data1\" content=\"3 minutos\" \/>\n<script type=\"application\/ld+json\" class=\"yoast-schema-graph\">{\"@context\":\"https:\/\/schema.org\",\"@graph\":[{\"@type\":\"WebPage\",\"@id\":\"https:\/\/www.asinfarma.com\/aulavirtual360\/cursos\/\",\"url\":\"https:\/\/www.asinfarma.com\/aulavirtual360\/cursos\/\",\"name\":\"Cursos - Aula virtual 360 Asinfarma\",\"isPartOf\":{\"@id\":\"https:\/\/www.asinfarma.com\/aulavirtual360\/#website\"},\"datePublished\":\"2025-03-25T09:00:21+00:00\",\"dateModified\":\"2025-07-10T12:02:19+00:00\",\"breadcrumb\":{\"@id\":\"https:\/\/www.asinfarma.com\/aulavirtual360\/cursos\/#breadcrumb\"},\"inLanguage\":\"es\",\"potentialAction\":[{\"@type\":\"ReadAction\",\"target\":[\"https:\/\/www.asinfarma.com\/aulavirtual360\/cursos\/\"]}]},{\"@type\":\"BreadcrumbList\",\"@id\":\"https:\/\/www.asinfarma.com\/aulavirtual360\/cursos\/#breadcrumb\",\"itemListElement\":[{\"@type\":\"ListItem\",\"position\":1,\"name\":\"Portada\",\"item\":\"https:\/\/www.asinfarma.com\/aulavirtual360\/\"},{\"@type\":\"ListItem\",\"position\":2,\"name\":\"Cursos\"}]},{\"@type\":\"WebSite\",\"@id\":\"https:\/\/www.asinfarma.com\/aulavirtual360\/#website\",\"url\":\"https:\/\/www.asinfarma.com\/aulavirtual360\/\",\"name\":\"Aula virtual 360 Asinfarma\",\"description\":\"Aula virtual 360 Asinfarma\",\"publisher\":{\"@id\":\"https:\/\/www.asinfarma.com\/aulavirtual360\/#organization\"},\"potentialAction\":[{\"@type\":\"SearchAction\",\"target\":{\"@type\":\"EntryPoint\",\"urlTemplate\":\"https:\/\/www.asinfarma.com\/aulavirtual360\/?s={search_term_string}\"},\"query-input\":{\"@type\":\"PropertyValueSpecification\",\"valueRequired\":true,\"valueName\":\"search_term_string\"}}],\"inLanguage\":\"es\"},{\"@type\":\"Organization\",\"@id\":\"https:\/\/www.asinfarma.com\/aulavirtual360\/#organization\",\"name\":\"Grupo Asinfarma: asesor\u00eda industrial farmac\u00e9utica\",\"url\":\"https:\/\/www.asinfarma.com\/aulavirtual360\/\",\"logo\":{\"@type\":\"ImageObject\",\"inLanguage\":\"es\",\"@id\":\"https:\/\/www.asinfarma.com\/aulavirtual360\/#\/schema\/logo\/image\/\",\"url\":\"https:\/\/www.asinfarma.com\/aulavirtual360\/wp-content\/uploads\/sites\/3\/2025\/01\/Logo-Grupo-Asinfarma-1_1.svg\",\"contentUrl\":\"https:\/\/www.asinfarma.com\/aulavirtual360\/wp-content\/uploads\/sites\/3\/2025\/01\/Logo-Grupo-Asinfarma-1_1.svg\",\"width\":257,\"height\":118,\"caption\":\"Grupo Asinfarma: asesor\u00eda industrial farmac\u00e9utica\"},\"image\":{\"@id\":\"https:\/\/www.asinfarma.com\/aulavirtual360\/#\/schema\/logo\/image\/\"}}]}<\/script>\n<!-- \/ Yoast SEO plugin. -->","yoast_head_json":{"title":"Cursos - Aula virtual 360 Asinfarma","robots":{"index":"index","follow":"follow","max-snippet":"max-snippet:-1","max-image-preview":"max-image-preview:large","max-video-preview":"max-video-preview:-1"},"canonical":"https:\/\/www.asinfarma.com\/aulavirtual360\/cursos\/","og_locale":"es_ES","og_type":"article","og_title":"Cursos - Aula virtual 360 Asinfarma","og_description":"Click&amp;GO: Cat\u00e1logo de formaci\u00f3n t\u00e9cnica Normas de correcta fabricaci\u00f3n &nbsp; T\u00edtulo del curso Nivel t\u00e9cnico Destinatarios Departamentos aplicables Horas lectivas* C1 Normas de correcta fabricaci\u00f3n (GMP) \u2013 Inicial Producci\u00f3n Inicial Personal de mano de obra directa producci\u00f3n Producci\u00f3n 3 C2 Normas de correcta fabricaci\u00f3n (GMP) \u2013 Inicial Control de Calidad Inicial Personal de mano de ... Leer m\u00e1s","og_url":"https:\/\/www.asinfarma.com\/aulavirtual360\/cursos\/","og_site_name":"Aula virtual 360 Asinfarma","article_modified_time":"2025-07-10T12:02:19+00:00","twitter_card":"summary_large_image","twitter_misc":{"Tiempo de lectura":"3 minutos"},"schema":{"@context":"https:\/\/schema.org","@graph":[{"@type":"WebPage","@id":"https:\/\/www.asinfarma.com\/aulavirtual360\/cursos\/","url":"https:\/\/www.asinfarma.com\/aulavirtual360\/cursos\/","name":"Cursos - Aula virtual 360 Asinfarma","isPartOf":{"@id":"https:\/\/www.asinfarma.com\/aulavirtual360\/#website"},"datePublished":"2025-03-25T09:00:21+00:00","dateModified":"2025-07-10T12:02:19+00:00","breadcrumb":{"@id":"https:\/\/www.asinfarma.com\/aulavirtual360\/cursos\/#breadcrumb"},"inLanguage":"es","potentialAction":[{"@type":"ReadAction","target":["https:\/\/www.asinfarma.com\/aulavirtual360\/cursos\/"]}]},{"@type":"BreadcrumbList","@id":"https:\/\/www.asinfarma.com\/aulavirtual360\/cursos\/#breadcrumb","itemListElement":[{"@type":"ListItem","position":1,"name":"Portada","item":"https:\/\/www.asinfarma.com\/aulavirtual360\/"},{"@type":"ListItem","position":2,"name":"Cursos"}]},{"@type":"WebSite","@id":"https:\/\/www.asinfarma.com\/aulavirtual360\/#website","url":"https:\/\/www.asinfarma.com\/aulavirtual360\/","name":"Aula virtual 360 Asinfarma","description":"Aula virtual 360 Asinfarma","publisher":{"@id":"https:\/\/www.asinfarma.com\/aulavirtual360\/#organization"},"potentialAction":[{"@type":"SearchAction","target":{"@type":"EntryPoint","urlTemplate":"https:\/\/www.asinfarma.com\/aulavirtual360\/?s={search_term_string}"},"query-input":{"@type":"PropertyValueSpecification","valueRequired":true,"valueName":"search_term_string"}}],"inLanguage":"es"},{"@type":"Organization","@id":"https:\/\/www.asinfarma.com\/aulavirtual360\/#organization","name":"Grupo Asinfarma: asesor\u00eda industrial farmac\u00e9utica","url":"https:\/\/www.asinfarma.com\/aulavirtual360\/","logo":{"@type":"ImageObject","inLanguage":"es","@id":"https:\/\/www.asinfarma.com\/aulavirtual360\/#\/schema\/logo\/image\/","url":"https:\/\/www.asinfarma.com\/aulavirtual360\/wp-content\/uploads\/sites\/3\/2025\/01\/Logo-Grupo-Asinfarma-1_1.svg","contentUrl":"https:\/\/www.asinfarma.com\/aulavirtual360\/wp-content\/uploads\/sites\/3\/2025\/01\/Logo-Grupo-Asinfarma-1_1.svg","width":257,"height":118,"caption":"Grupo Asinfarma: asesor\u00eda industrial farmac\u00e9utica"},"image":{"@id":"https:\/\/www.asinfarma.com\/aulavirtual360\/#\/schema\/logo\/image\/"}}]}},"_links":{"self":[{"href":"https:\/\/www.asinfarma.com\/aulavirtual360\/wp-json\/wp\/v2\/pages\/139","targetHints":{"allow":["GET"]}}],"collection":[{"href":"https:\/\/www.asinfarma.com\/aulavirtual360\/wp-json\/wp\/v2\/pages"}],"about":[{"href":"https:\/\/www.asinfarma.com\/aulavirtual360\/wp-json\/wp\/v2\/types\/page"}],"author":[{"embeddable":true,"href":"https:\/\/www.asinfarma.com\/aulavirtual360\/wp-json\/wp\/v2\/users\/1"}],"replies":[{"embeddable":true,"href":"https:\/\/www.asinfarma.com\/aulavirtual360\/wp-json\/wp\/v2\/comments?post=139"}],"version-history":[{"count":0,"href":"https:\/\/www.asinfarma.com\/aulavirtual360\/wp-json\/wp\/v2\/pages\/139\/revisions"}],"wp:attachment":[{"href":"https:\/\/www.asinfarma.com\/aulavirtual360\/wp-json\/wp\/v2\/media?parent=139"}],"curies":[{"name":"wp","href":"https:\/\/api.w.org\/{rel}","templated":true}]}}