{"id":128,"date":"2024-01-17T10:35:28","date_gmt":"2024-01-17T09:35:28","guid":{"rendered":"https:\/\/www.grupoasinfarma.churbayportillo.com\/seminario-expertos\/?page_id=128"},"modified":"2025-12-10T13:31:54","modified_gmt":"2025-12-10T12:31:54","slug":"presentacion-2024","status":"publish","type":"page","link":"https:\/\/www.asinfarma.com\/seminario-expertos\/procesos-esteriles-2024\/presentacion-2024\/","title":{"rendered":"Presentaci\u00f3n 2024"},"content":{"rendered":"\n<h1 class=\"wp-block-heading has-text-align-center\" style=\"font-style:normal;font-weight:700\">Seminario de Expertos en Procesos Est\u00e9riles, primera edici\u00f3n<\/h1>\n\n\n\n<p class=\"has-text-align-center\" style=\"font-size:24px\">Asinfarma presenta la primera edici\u00f3n del <strong>Seminario de Expertos en Procesos Est\u00e9riles<\/strong>, que se realizar\u00e1 en formato virtual en directo los d\u00edas <strong>07 y 08 de Mayo de 2024<\/strong>.<\/p>\n\n\n\n<p>En este seminario, que se realizar\u00e1 de manera bianual, Asinfarma aporta un nuevo concepto y una nueva forma de entender las conferencias, mediante la integraci\u00f3n de ponencias te\u00f3ricas, casos reales de la industria farmac\u00e9utica y sesiones de <em>Questions &amp; Answers<\/em> (Q&amp;A).<\/p>\n\n\n\n<figure class=\"wp-block-embed is-type-video is-provider-youtube wp-block-embed-youtube wp-embed-aspect-16-9 wp-has-aspect-ratio\"><div class=\"wp-block-embed__wrapper\">\n<iframe loading=\"lazy\" title=\"Seminario de Expertos en Procesos Est\u00e9riles 2024 - Asinfarma\" width=\"1200\" height=\"675\" src=\"https:\/\/www.youtube.com\/embed\/gfjkBgHfwqw?feature=oembed\" frameborder=\"0\" allow=\"accelerometer; autoplay; clipboard-write; encrypted-media; gyroscope; picture-in-picture; web-share\" referrerpolicy=\"strict-origin-when-cross-origin\" allowfullscreen><\/iframe>\n<\/div><\/figure>\n\n\n\n<div class=\"wp-block-group has-base-3-color has-global-color-10-background-color has-text-color has-background\"><div class=\"wp-block-group__inner-container is-layout-constrained wp-block-group-is-layout-constrained\">\n<h4 class=\"wp-block-heading has-text-align-center has-large-font-size\"><strong>7 y 8 de mayo de 9:00 a 16:30 h<\/strong><br><strong>Online live meeting<\/strong><\/h4>\n<\/div><\/div>\n\n\n\n<div style=\"height:40px\" aria-hidden=\"true\" class=\"wp-block-spacer\"><\/div>\n\n\n\n<div class=\"wp-block-columns is-layout-flex wp-container-core-columns-is-layout-9d6595d7 wp-block-columns-is-layout-flex\">\n<div class=\"wp-block-column is-layout-flow wp-block-column-is-layout-flow\">\n<div class=\"wp-block-group has-global-color-13-background-color has-background\"><div class=\"wp-block-group__inner-container is-layout-constrained wp-block-group-is-layout-constrained\">\n<h2 class=\"wp-block-heading\">Objetivos <\/h2>\n\n\n<div class=\"su-expand su-expand-collapsed su-expand-link-style-default\" data-height=\"100\"><div class=\"su-expand-content su-u-trim\" style=\"color:#333333;max-height:100px;overflow:hidden\">\n\n\n\n<p>El objetivo de este evento es discutir novedades t\u00e9cnicas, proponer soluci\u00f3n a los problemas actuales, compartir dificultades experimentadas durante la implementaci\u00f3n de la nueva versi\u00f3n del Anexo 1 de las EU GMP, conocer nuevas tecnolog\u00edas, obtener conocimientos t\u00e9cnicos y presentar estrategias sobre c\u00f3mo enfocar el futuro de la fabricaci\u00f3n de productos est\u00e9riles.<\/p>\n\n\n\n<p>Estos objetivos los lograremos con la participaci\u00f3n de expertos en la cadena de suministro upstream, proveedores y fabricantes. Tambi\u00e9n tendremos el apoyo de consultores expertos en la fabricaci\u00f3n de productos est\u00e9riles.<\/p>\n\n\n\n<p>Integraremos ponencias te\u00f3ricas, presentaciones de casos reales de expertos en activo en la industria farmac\u00e9utica, sesiones de Q&amp;A, y presentaciones t\u00e9cnicas enfocadas a nuevas tecnolog\u00edas.<\/p>\n\n\n\n<p>Contaremos con expertos de alto nivel de BOEHRINGUER INGELHEIM, NOVARTIS, SANDOZ, MERCK, ROVI, INIBSA, B.BRAUN MEDICAL, SENER DIAGNOSTICS, CHARLES RIVER, VIRTUOSI (QxP), CYTIVA SPAIN y ASINFARMA.<\/p>\n\n\n\n<p>Una vez inscritos, tendr\u00e9is la oportunidad de enviarnos preguntas relacionadas con los contenidos del programa, que ser\u00e1n resueltas a lo largo del evento.<\/p>\n\n\n<\/div><div class=\"su-expand-link su-expand-link-more\" style=\"text-align:left\"><a href=\"javascript:;\" style=\"color:#176585;border-color:#176585\"><span style=\"border-color:#176585\">Mostrar m\u00e1s<\/span><\/a><\/div><div class=\"su-expand-link su-expand-link-less\" style=\"text-align:left\"><a href=\"javascript:;\" style=\"color:#176585;border-color:#176585\"><span style=\"border-color:#176585\">Mostrar menos<\/span><\/a><\/div><\/div>\n<\/div><\/div>\n<\/div>\n\n\n\n<div class=\"wp-block-column is-layout-flow wp-block-column-is-layout-flow\">\n<div class=\"wp-block-group has-global-color-15-background-color has-background\"><div class=\"wp-block-group__inner-container is-layout-constrained wp-block-group-is-layout-constrained\">\n<h2 class=\"wp-block-heading\">\u00bfQui\u00e9n debe asistir?<\/h2>\n\n\n<div class=\"su-expand su-expand-collapsed su-expand-link-style-default\" data-height=\"100\"><div class=\"su-expand-content su-u-trim\" style=\"color:#333333;max-height:100px;overflow:hidden\">\n\n\n\n<p>El evento est\u00e1 dirigido espec\u00edficamente a empresas farmac\u00e9uticas, biotecnol\u00f3gicas y de dispositivos m\u00e9dicos implicadas en la fabricaci\u00f3n y control de productos est\u00e9riles. Este seminario est\u00e1 especialmente enfocado a los departamentos de:<\/p>\n\n\n\n<ul class=\"wp-block-list\">\n<li>Producci\u00f3n<\/li>\n\n\n\n<li>Garant\u00eda de Calidad<\/li>\n\n\n\n<li>Control de Calidad<\/li>\n\n\n\n<li>Ingenier\u00eda<\/li>\n\n\n\n<li>RRAA<\/li>\n\n\n\n<li>I+D<\/li>\n<\/ul>\n\n\n<\/div><div class=\"su-expand-link su-expand-link-more\" style=\"text-align:left\"><a href=\"javascript:;\" style=\"color:#176585;border-color:#176585\"><span style=\"border-color:#176585\">Mostrar m\u00e1s<\/span><\/a><\/div><div class=\"su-expand-link su-expand-link-less\" style=\"text-align:left\"><a href=\"javascript:;\" style=\"color:#176585;border-color:#176585\"><span style=\"border-color:#176585\">Mostrar menos<\/span><\/a><\/div><\/div>\n<\/div><\/div>\n<\/div>\n<\/div>\n\n\n\n<div class=\"wp-block-columns is-layout-flex wp-container-core-columns-is-layout-9d6595d7 wp-block-columns-is-layout-flex\">\n<div class=\"wp-block-column is-layout-flow wp-block-column-is-layout-flow\">\n<div class=\"wp-block-group has-global-color-14-background-color has-background\"><div class=\"wp-block-group__inner-container is-layout-constrained wp-block-group-is-layout-constrained\">\n<h2 class=\"wp-block-heading\">Moderadores<\/h2>\n\n\n\n<ul class=\"wp-block-list\">\n<li><strong>Fernando Taz\u00f3n<\/strong> \u2013 CEO y fundador de <strong>Asinfarma<\/strong> <\/li>\n\n\n\n<li><strong>Dra. Mar Mart\u00ed<\/strong> \u2013 Gerente operativo de <strong>Asinfarma<\/strong><\/li>\n<\/ul>\n<\/div><\/div>\n<\/div>\n\n\n\n<div class=\"wp-block-column is-layout-flow wp-block-column-is-layout-flow\">\n<div class=\"wp-block-group has-global-color-13-background-color has-background\"><div class=\"wp-block-group__inner-container is-layout-constrained wp-block-group-is-layout-constrained\">\n<h2 class=\"wp-block-heading\">Precio inscripci\u00f3n<\/h2>\n\n\n\n<ul class=\"wp-block-list\">\n<li><strong>950\u20ac<\/strong> para pagos despu\u00e9s del 23\/04\/24<\/li>\n\n\n\n<li><strong>800\u20ac<\/strong> para pagos antes del 23\/04\/24<\/li>\n<\/ul>\n<\/div><\/div>\n<\/div>\n<\/div>\n","protected":false},"excerpt":{"rendered":"<p>Seminario de Expertos en Procesos Est\u00e9riles, primera edici\u00f3n Asinfarma presenta la primera edici\u00f3n del Seminario de Expertos en Procesos Est\u00e9riles, que se realizar\u00e1 en formato virtual en directo los d\u00edas 07 y 08 de Mayo de 2024. En este seminario, que se realizar\u00e1 de manera bianual, Asinfarma aporta un nuevo concepto y una nueva forma &#8230; <a title=\"Presentaci\u00f3n 2024\" class=\"read-more\" href=\"https:\/\/www.asinfarma.com\/seminario-expertos\/procesos-esteriles-2024\/presentacion-2024\/\" aria-label=\"Leer m\u00e1s sobre Presentaci\u00f3n 2024\">Leer m\u00e1s<\/a><\/p>\n","protected":false},"author":1,"featured_media":0,"parent":2,"menu_order":0,"comment_status":"closed","ping_status":"closed","template":"","meta":{"inline_featured_image":false,"footnotes":""},"class_list":["post-128","page","type-page","status-publish"],"yoast_head":"<!-- This site is optimized with the Yoast SEO plugin v26.9 - https:\/\/yoast.com\/product\/yoast-seo-wordpress\/ -->\n<title>Presentaci\u00f3n 2024 - Seminario de expertos<\/title>\n<meta name=\"robots\" content=\"index, follow, max-snippet:-1, max-image-preview:large, max-video-preview:-1\" \/>\n<link rel=\"canonical\" href=\"https:\/\/www.asinfarma.com\/seminario-expertos\/procesos-esteriles-2024\/presentacion-2024\/\" \/>\n<meta property=\"og:locale\" content=\"es_ES\" \/>\n<meta property=\"og:type\" content=\"article\" \/>\n<meta property=\"og:title\" content=\"Presentaci\u00f3n 2024 - Seminario de expertos\" \/>\n<meta property=\"og:description\" content=\"Seminario de Expertos en Procesos Est\u00e9riles, primera edici\u00f3n Asinfarma presenta la primera edici\u00f3n del Seminario de Expertos en Procesos Est\u00e9riles, que se realizar\u00e1 en formato virtual en directo los d\u00edas 07 y 08 de Mayo de 2024. En este seminario, que se realizar\u00e1 de manera bianual, Asinfarma aporta un nuevo concepto y una nueva forma ... Leer m\u00e1s\" \/>\n<meta property=\"og:url\" content=\"https:\/\/www.asinfarma.com\/seminario-expertos\/procesos-esteriles-2024\/presentacion-2024\/\" \/>\n<meta property=\"og:site_name\" content=\"Seminario de expertos\" \/>\n<meta property=\"article:modified_time\" content=\"2025-12-10T12:31:54+00:00\" \/>\n<meta name=\"twitter:card\" content=\"summary_large_image\" \/>\n<meta name=\"twitter:label1\" content=\"Tiempo de lectura\" \/>\n\t<meta name=\"twitter:data1\" content=\"2 minutos\" \/>\n<script type=\"application\/ld+json\" class=\"yoast-schema-graph\">{\"@context\":\"https:\/\/schema.org\",\"@graph\":[{\"@type\":\"WebPage\",\"@id\":\"https:\/\/www.asinfarma.com\/seminario-expertos\/procesos-esteriles-2024\/presentacion-2024\/\",\"url\":\"https:\/\/www.asinfarma.com\/seminario-expertos\/procesos-esteriles-2024\/presentacion-2024\/\",\"name\":\"Presentaci\u00f3n 2024 - Seminario de expertos\",\"isPartOf\":{\"@id\":\"https:\/\/www.asinfarma.com\/seminario-expertos\/#website\"},\"datePublished\":\"2024-01-17T09:35:28+00:00\",\"dateModified\":\"2025-12-10T12:31:54+00:00\",\"breadcrumb\":{\"@id\":\"https:\/\/www.asinfarma.com\/seminario-expertos\/procesos-esteriles-2024\/presentacion-2024\/#breadcrumb\"},\"inLanguage\":\"es\",\"potentialAction\":[{\"@type\":\"ReadAction\",\"target\":[\"https:\/\/www.asinfarma.com\/seminario-expertos\/procesos-esteriles-2024\/presentacion-2024\/\"]}]},{\"@type\":\"BreadcrumbList\",\"@id\":\"https:\/\/www.asinfarma.com\/seminario-expertos\/procesos-esteriles-2024\/presentacion-2024\/#breadcrumb\",\"itemListElement\":[{\"@type\":\"ListItem\",\"position\":1,\"name\":\"Procesos est\u00e9riles 2024\",\"item\":\"https:\/\/www.asinfarma.com\/seminario-expertos\/procesos-esteriles-2024\/\"},{\"@type\":\"ListItem\",\"position\":2,\"name\":\"Presentaci\u00f3n 2024\"}]},{\"@type\":\"WebSite\",\"@id\":\"https:\/\/www.asinfarma.com\/seminario-expertos\/#website\",\"url\":\"https:\/\/www.asinfarma.com\/seminario-expertos\/\",\"name\":\"Seminario de expertos\",\"description\":\"\",\"publisher\":{\"@id\":\"https:\/\/www.asinfarma.com\/seminario-expertos\/#organization\"},\"potentialAction\":[{\"@type\":\"SearchAction\",\"target\":{\"@type\":\"EntryPoint\",\"urlTemplate\":\"https:\/\/www.asinfarma.com\/seminario-expertos\/?s={search_term_string}\"},\"query-input\":{\"@type\":\"PropertyValueSpecification\",\"valueRequired\":true,\"valueName\":\"search_term_string\"}}],\"inLanguage\":\"es\"},{\"@type\":\"Organization\",\"@id\":\"https:\/\/www.asinfarma.com\/seminario-expertos\/#organization\",\"name\":\"Seminario de expertos\",\"url\":\"https:\/\/www.asinfarma.com\/seminario-expertos\/\",\"logo\":{\"@type\":\"ImageObject\",\"inLanguage\":\"es\",\"@id\":\"https:\/\/www.asinfarma.com\/seminario-expertos\/#\/schema\/logo\/image\/\",\"url\":\"https:\/\/www.asinfarma.com\/seminario-expertos\/wp-content\/uploads\/sites\/2\/2025\/02\/logo-seminario-expertos_color.svg\",\"contentUrl\":\"https:\/\/www.asinfarma.com\/seminario-expertos\/wp-content\/uploads\/sites\/2\/2025\/02\/logo-seminario-expertos_color.svg\",\"caption\":\"Seminario de expertos\"},\"image\":{\"@id\":\"https:\/\/www.asinfarma.com\/seminario-expertos\/#\/schema\/logo\/image\/\"}}]}<\/script>\n<!-- \/ Yoast SEO plugin. -->","yoast_head_json":{"title":"Presentaci\u00f3n 2024 - Seminario de expertos","robots":{"index":"index","follow":"follow","max-snippet":"max-snippet:-1","max-image-preview":"max-image-preview:large","max-video-preview":"max-video-preview:-1"},"canonical":"https:\/\/www.asinfarma.com\/seminario-expertos\/procesos-esteriles-2024\/presentacion-2024\/","og_locale":"es_ES","og_type":"article","og_title":"Presentaci\u00f3n 2024 - Seminario de expertos","og_description":"Seminario de Expertos en Procesos Est\u00e9riles, primera edici\u00f3n Asinfarma presenta la primera edici\u00f3n del Seminario de Expertos en Procesos Est\u00e9riles, que se realizar\u00e1 en formato virtual en directo los d\u00edas 07 y 08 de Mayo de 2024. En este seminario, que se realizar\u00e1 de manera bianual, Asinfarma aporta un nuevo concepto y una nueva forma ... Leer m\u00e1s","og_url":"https:\/\/www.asinfarma.com\/seminario-expertos\/procesos-esteriles-2024\/presentacion-2024\/","og_site_name":"Seminario de expertos","article_modified_time":"2025-12-10T12:31:54+00:00","twitter_card":"summary_large_image","twitter_misc":{"Tiempo de lectura":"2 minutos"},"schema":{"@context":"https:\/\/schema.org","@graph":[{"@type":"WebPage","@id":"https:\/\/www.asinfarma.com\/seminario-expertos\/procesos-esteriles-2024\/presentacion-2024\/","url":"https:\/\/www.asinfarma.com\/seminario-expertos\/procesos-esteriles-2024\/presentacion-2024\/","name":"Presentaci\u00f3n 2024 - Seminario de expertos","isPartOf":{"@id":"https:\/\/www.asinfarma.com\/seminario-expertos\/#website"},"datePublished":"2024-01-17T09:35:28+00:00","dateModified":"2025-12-10T12:31:54+00:00","breadcrumb":{"@id":"https:\/\/www.asinfarma.com\/seminario-expertos\/procesos-esteriles-2024\/presentacion-2024\/#breadcrumb"},"inLanguage":"es","potentialAction":[{"@type":"ReadAction","target":["https:\/\/www.asinfarma.com\/seminario-expertos\/procesos-esteriles-2024\/presentacion-2024\/"]}]},{"@type":"BreadcrumbList","@id":"https:\/\/www.asinfarma.com\/seminario-expertos\/procesos-esteriles-2024\/presentacion-2024\/#breadcrumb","itemListElement":[{"@type":"ListItem","position":1,"name":"Procesos est\u00e9riles 2024","item":"https:\/\/www.asinfarma.com\/seminario-expertos\/procesos-esteriles-2024\/"},{"@type":"ListItem","position":2,"name":"Presentaci\u00f3n 2024"}]},{"@type":"WebSite","@id":"https:\/\/www.asinfarma.com\/seminario-expertos\/#website","url":"https:\/\/www.asinfarma.com\/seminario-expertos\/","name":"Seminario de expertos","description":"","publisher":{"@id":"https:\/\/www.asinfarma.com\/seminario-expertos\/#organization"},"potentialAction":[{"@type":"SearchAction","target":{"@type":"EntryPoint","urlTemplate":"https:\/\/www.asinfarma.com\/seminario-expertos\/?s={search_term_string}"},"query-input":{"@type":"PropertyValueSpecification","valueRequired":true,"valueName":"search_term_string"}}],"inLanguage":"es"},{"@type":"Organization","@id":"https:\/\/www.asinfarma.com\/seminario-expertos\/#organization","name":"Seminario de expertos","url":"https:\/\/www.asinfarma.com\/seminario-expertos\/","logo":{"@type":"ImageObject","inLanguage":"es","@id":"https:\/\/www.asinfarma.com\/seminario-expertos\/#\/schema\/logo\/image\/","url":"https:\/\/www.asinfarma.com\/seminario-expertos\/wp-content\/uploads\/sites\/2\/2025\/02\/logo-seminario-expertos_color.svg","contentUrl":"https:\/\/www.asinfarma.com\/seminario-expertos\/wp-content\/uploads\/sites\/2\/2025\/02\/logo-seminario-expertos_color.svg","caption":"Seminario de expertos"},"image":{"@id":"https:\/\/www.asinfarma.com\/seminario-expertos\/#\/schema\/logo\/image\/"}}]}},"_links":{"self":[{"href":"https:\/\/www.asinfarma.com\/seminario-expertos\/wp-json\/wp\/v2\/pages\/128","targetHints":{"allow":["GET"]}}],"collection":[{"href":"https:\/\/www.asinfarma.com\/seminario-expertos\/wp-json\/wp\/v2\/pages"}],"about":[{"href":"https:\/\/www.asinfarma.com\/seminario-expertos\/wp-json\/wp\/v2\/types\/page"}],"author":[{"embeddable":true,"href":"https:\/\/www.asinfarma.com\/seminario-expertos\/wp-json\/wp\/v2\/users\/1"}],"replies":[{"embeddable":true,"href":"https:\/\/www.asinfarma.com\/seminario-expertos\/wp-json\/wp\/v2\/comments?post=128"}],"version-history":[{"count":0,"href":"https:\/\/www.asinfarma.com\/seminario-expertos\/wp-json\/wp\/v2\/pages\/128\/revisions"}],"up":[{"embeddable":true,"href":"https:\/\/www.asinfarma.com\/seminario-expertos\/wp-json\/wp\/v2\/pages\/2"}],"wp:attachment":[{"href":"https:\/\/www.asinfarma.com\/seminario-expertos\/wp-json\/wp\/v2\/media?parent=128"}],"curies":[{"name":"wp","href":"https:\/\/api.w.org\/{rel}","templated":true}]}}