{"id":57,"date":"2024-01-16T12:43:14","date_gmt":"2024-01-16T11:43:14","guid":{"rendered":"https:\/\/www.grupoasinfarma.churbayportillo.com\/seminario-expertos\/?page_id=57"},"modified":"2025-12-11T21:31:32","modified_gmt":"2025-12-11T20:31:32","slug":"programa-2024","status":"publish","type":"page","link":"https:\/\/www.asinfarma.com\/seminario-expertos\/procesos-esteriles-2024\/programa-2024\/","title":{"rendered":"Programa seminario expertos 2024"},"content":{"rendered":"\n<p class=\"has-text-align-center\" style=\"font-size:24px\">Ponencias sobre <strong>Procesos Est\u00e9riles<\/strong> previstas para los pr\u00f3ximos 7 y 8 de mayo<\/p>\n\n\n\n<p class=\"has-x-large-font-size\"><strong>Martes, 7 de mayo<\/strong><\/p>\n\n\n\n<figure class=\"wp-block-table tabla-expertos is-style-regular\"><table><tbody><tr><td><strong> <\/strong><\/td><td><strong>INAUGURACI\u00d3N DEL SEMINARIO<\/strong><\/td><\/tr><tr><td><strong>09:00 <\/strong><\/td><td><strong>Bienvenida<\/strong><br><em><a href=\"\/seminario-expertos\/ponentes#FernandoTazon\">Fernando Taz\u00f3n<\/a>, ASINFARMA<\/em><\/td><\/tr><tr><td><\/td><td><strong>CASOS REALES DE LA INDUSTRIA<\/strong><\/td><\/tr><tr><td><strong>09:15 <\/strong><\/td><td><strong><a href=\"\/seminario-expertos\/2024\/impacto-del-anexo-1-de-un-proceso-de-dosificado-aseptico-convencional-al-uso-de-rabs\/\">Impacto del Anexo 1: de un proceso de dosificado as\u00e9ptico convencional al uso de RABS<\/a><\/strong><br><em><a href=\"\/seminario-expertos\/ponentes#LauraRojas\">Laura Rojas<\/a>, INIBSA<\/em><\/td><\/tr><tr><td><strong>10:00 <\/strong><\/td><td><strong><a href=\"\/seminario-expertos\/2024\/implementacion-practica-de-la-estrategia-de-control-de-la-contaminacion-ccs-en-la-industria-farmaceutica\/\">Implementaci\u00f3n pr\u00e1ctica de la estrategia de control de la contaminaci\u00f3n (CCS) en la industria farmac\u00e9utica<\/a><\/strong><br><em><a href=\"\/seminario-expertos\/ponentes#AngelsGarcia\">\u00c0ngels Garc\u00eda<\/a>, BOEHRINGER INGELHEIM<\/em><\/td><\/tr><tr><td><strong>10:45 <\/strong><\/td><td><strong>Questions and Answers<\/strong><br><em>Moderador: <a href=\"\/seminario-expertos\/ponentes#MarMarti\">Dra. Mar Mart\u00ed<\/a>, ASINFARMA<\/em><\/td><\/tr><tr><td><strong>11:00 <\/strong><\/td><td><strong>Descanso<\/strong><\/td><\/tr><tr><td><\/td><td><strong>TECNOLOG\u00cdAS DE FUTURO EN PRODUCCI\u00d3N<\/strong><\/td><\/tr><tr><td><strong><strong>11:30 <\/strong><\/strong><\/td><td><strong><a href=\"https:\/\/www.asinfarma.com\/seminario-expertos\/2024\/perfeccionando-la-produccion-aseptica-uso-de-tecnologia-de-aisladores\/\">Perfeccionando la producci\u00f3n as\u00e9ptica: uso de tecnolog\u00eda de aisladores<\/a><\/strong><br><em><a href=\"\/seminario-expertos\/ponentes#JessicaRico\">Jessica Rico<\/a>, BOEHRINGER INGELHEIM.<\/em><br><em><a href=\"\/seminario-expertos\/ponentes#DanielCorredera\">Daniel Corredera<\/a>, BOEHRINGER INGELHEIM<\/em><\/td><\/tr><tr><td><strong><strong><strong>12:30<\/strong><\/strong><\/strong><\/td><td><strong><em><a href=\"https:\/\/www.asinfarma.com\/seminario-expertos\/2024\/future-of-single-use-system-sus-towards-safer-more-contained-environmentally-friendly-processes\/\">Future of Single Use System (SUS), towards safer, more contained &amp; environmentally friendly processes<\/a> <\/em><\/strong>(ponencia en ingl\u00e9s)<br><em><a href=\"\/seminario-expertos\/ponentes#DarioBonanni\">Dario Bonanni<\/a>, MERCK<\/em><\/td><\/tr><tr><td><strong>13:15<\/strong><\/td><td><strong><a href=\"https:\/\/www.asinfarma.com\/seminario-expertos\/2024\/estudios-de-extraibles-y-lixiviables-en-productos-esteriles-garantizando-la-calidad-y-seguridad-farmaceutica\/\">Estudios de extra\u00edbles y lixiviables en productos est\u00e9riles: garantizando la calidad y seguridad farmac\u00e9utica<\/a><\/strong><br><em><a href=\"\/seminario-expertos\/ponentes#MonicaHernandez\">M\u00f3nica Hern\u00e1ndez<\/a>, ROVI<\/em><\/td><\/tr><tr><td><strong>13:45 <\/strong><\/td><td><strong>Questions and Answers<\/strong><br><em>Moderador: <a href=\"\/seminario-expertos\/ponentes#MarMarti\">Dra. Mar Mart\u00ed,<\/a> ASINFARMA<\/em><\/td><\/tr><tr><td><strong>14:00<\/strong><\/td><td><strong>Descanso<\/strong><\/td><\/tr><tr><td><\/td><td><strong>SISTEMA DE CALIDAD EN LA FABRICACI\u00d3N DE EST\u00c9RILES<\/strong><\/td><\/tr><tr><td><strong><strong>15:00<\/strong><\/strong><\/td><td><strong><a href=\"https:\/\/www.asinfarma.com\/seminario-expertos\/2024\/dificultades-en-la-integracion-de-la-gestion-de-riesgos-de-calidad-qrm-en-medicamentos-esteriles-desde-el-entorno-de-produccion\/\">Dificultades en la integraci\u00f3n de la gesti\u00f3n de riesgos de calidad (QRM) en medicamentos est\u00e9riles desde el entorno de producci\u00f3n<\/a><\/strong><br><em><a href=\"\/seminario-expertos\/ponentes#MiguelAngelGomez\">Miguel \u00c1ngel G\u00f3mez<\/a>, B. BRAUN Medical<\/em><\/td><\/tr><tr><td><strong><strong>15:45<\/strong><\/strong><\/td><td><em><strong><a href=\"https:\/\/www.asinfarma.com\/seminario-expertos\/2024\/preserving-data-integrity-in-microbiology-quality-control-laboratories\/\">Preserving Data Integrity in Microbiology Quality Control Laboratories<\/a><\/strong><\/em> (ponencia en ingl\u00e9s)<br><em><a href=\"\/seminario-expertos\/ponentes#NicolasLelievre\">Dr. Nicolas Leli\u00e8vre<\/a>, MECK KgAA<\/em><\/td><\/tr><tr><td><strong>16:15<\/strong><\/td><td><strong>Questions and Answers<\/strong><br><em>Moderador: <a href=\"\/seminario-expertos\/ponentes#FernandoTazon\">Fernando Taz\u00f3n<\/a>, ASINFARMA<\/em><\/td><\/tr><tr><td><strong>16:30<\/strong><\/td><td><strong>Fin de la jornada<\/strong><\/td><\/tr><\/tbody><\/table><\/figure>\n\n\n\n<div style=\"height:20px\" aria-hidden=\"true\" class=\"wp-block-spacer\"><\/div>\n\n\n\n<p class=\"has-x-large-font-size\"><strong>Mi\u00e9rcoles 8 de mayo<\/strong><\/p>\n\n\n\n<figure class=\"wp-block-table is-style-regular\"><table><tbody><tr><td><\/td><td>&nbsp;<strong>NUEVAS TECNOLOG\u00cdAS EN CONTROL DE CALIDAD MICROBIOL\u00d3GICO<\/strong><\/td><\/tr><tr><td><strong>09:00 <\/strong><\/td><td><strong><a href=\"https:\/\/www.asinfarma.com\/seminario-expertos\/2024\/avances-en-el-control-de-la-integridad-de-contenedores-nuevos-metodos-y-tecnologias-de-ccit\/\">Avances en el control de la integridad de contenedores: uevo m\u00e9todos y tecnolog\u00edas de CCIT<\/a><\/strong><br><em><a href=\"\/seminario-expertos\/ponentes#RogelioCortes\">Rogelio Cort\u00e9s<\/a>, ASINFARMA<\/em><\/td><\/tr><tr><td><strong>09:45 <\/strong><\/td><td><strong><a href=\"https:\/\/www.asinfarma.com\/seminario-expertos\/2024\/incubacion-inteligente-para-el-control-ambiental\/\">Incubaci\u00f3n inteligente para el control ambiental<\/a><\/strong><br><em><a href=\"\/seminario-expertos\/ponentes#XavierDePrado\">Xavier de Prado<\/a>, SENER DIAGNOSTIC<\/em><\/td><\/tr><tr><td><strong>10:15 <\/strong><\/td><td><strong><a href=\"https:\/\/www.asinfarma.com\/seminario-expertos\/2024\/atp-bioluminiscencia-como-metodo-rapido-para-el-test-de-esterilidad-y-bioburden\/\">ATP-Bioluminiscencia como m\u00e9todo r\u00e1pido para el test de esterilidad y bioburden<\/a><\/strong><br><em><a href=\"\/seminario-expertos\/ponentes#JordiIglesias\">Jordi Iglesias<\/a>, CHARLES RIVER<\/em><\/td><\/tr><tr><td><strong>10:45 <\/strong><\/td><td><strong>Questions and Answers<\/strong><br><em>Moderador: <a href=\"\/seminario-expertos\/ponentes#MarMarti\">Dra. Mar Mart\u00ed<\/a>, ASINFARMA<\/em><\/td><\/tr><tr><td><strong>11:00 <\/strong><\/td><td><strong>Descanso<\/strong><\/td><\/tr><tr><td><\/td><td><strong>PUNTOS CR\u00cdTICOS EN PRODUCCI\u00d3N AS\u00c9PTICA<\/strong><\/td><\/tr><tr><td><strong><strong>11:30 <\/strong><\/strong><\/td><td><strong><a href=\"https:\/\/www.asinfarma.com\/seminario-expertos\/2024\/retos-asociados-a-la-implementacion-del-pupsit\/\">Retos asociados a la implementaci\u00f3n del PUPSIT<\/a><\/strong><br><em><a href=\"\/seminario-expertos\/ponentes#GloriaPontes\">Dra. Gloria Pontes<\/a>, CYTIVA SPAIN<\/em><br><em><a href=\"\/seminario-expertos\/ponentes#RaquelLlobell\">Raquel Llobell<\/a>, CYTIVA SPAIN<\/em><\/td><\/tr><tr><td><strong><strong><strong>12:<\/strong><\/strong>00<\/strong><\/td><td><strong><a href=\"https:\/\/www.asinfarma.com\/seminario-expertos\/2024\/optimizacion-de-las-desviaciones-de-resultados-microbianos-mdd-estrategias-y-puntos-criticos\/\">Optimizaci\u00f3n de las desviaciones de resultados microbianos (MDD): estrategias y puntos cr\u00edticos<\/a><\/strong><br><em><a href=\"\/seminario-expertos\/ponentes#Mar-Marti\">Dra. Mar Mart\u00ed<\/a>, ASINFARMA<\/em><\/td><\/tr><tr><td><strong>12:30<\/strong><\/td><td><strong><a href=\"https:\/\/www.asinfarma.com\/seminario-expertos\/2024\/evolucion-de-la-formacion-del-personal-en-la-fabricacion-de-productos-esteriles\/\">Evoluci\u00f3n de la formaci\u00f3n del personal en la fabricaci\u00f3n de productos est\u00e9riles<\/a><\/strong><br><em><a href=\"\/seminario-expertos\/ponentes#TeresaGarcia\">M\u00aa Teresa Garcia<\/a>, SANDOZ<\/em><\/td><\/tr><tr><td><strong>13:15 <\/strong><\/td><td><em><strong><a href=\"https:\/\/www.asinfarma.com\/seminario-expertos\/2024\/an-educational-foundation-to-secure-the-future-of-pharma\/\">An Educational Foundation to Secure the Future of Pharma<\/a><\/strong> <\/em>(ponencia en ingl\u00e9s)<br><em><a href=\"\/seminario-expertos\/ponentes#VanessaFigueroa\">Vanessa Figueroa<\/a>, Quality Executive Partners QxP<\/em><\/td><\/tr><tr><td><strong>13:45<\/strong><\/td><td><strong>Questions and Answers<\/strong><br><em>Moderador: <a href=\"\/seminario-expertos\/ponentes#FernandoTazon\">Fernando Taz\u00f3n<\/a>, ASINFARMA<\/em><\/td><\/tr><tr><td><strong>14:00<\/strong><\/td><td><strong>Descanso<\/strong><\/td><\/tr><tr><td><\/td><td><strong>AUDITAR SEG\u00daN NUEVO ANEXO 1<\/strong><\/td><\/tr><tr><td><strong><strong>15:00<\/strong><\/strong><\/td><td><strong><a href=\"https:\/\/www.asinfarma.com\/seminario-expertos\/2024\/primeros-meses-de-transicion-del-anexo-1-eu-gmp-2023-2024\/\">Primeros meses de transici\u00f3n del Anexo 1 EU GMP (2023 \u2013 2024)<\/a><\/strong><br><em><a href=\"\/seminario-expertos\/ponentes#XavierCasterat\">Xavier Casterat<\/a>, NOVARTIS FARMAC\u00c9UTICA SA<\/em><\/td><\/tr><tr><td><strong><strong>15:45<\/strong><\/strong><\/td><td><strong>Explorando experiencias: sesi\u00f3n de Q&amp;A con expertos auditores<\/strong><br><em><a href=\"\/seminario-expertos\/ponentes#XavierCasterat\">Xavier Casterat<\/a>, NOVARTIS FARMAC\u00c9UTICA SA<\/em><br><em><a href=\"\/seminario-expertos\/ponentes#MariaJesusAlonso\">Dra. M\u00aa Jes\u00fas Alonso<\/a>, ASINFARMA<\/em><br><em>Moderador: <a href=\"\/seminario-expertos\/ponentes#FernandoTazon\">Fernando Taz\u00f3n<\/a>, ASINFARMA<\/em><\/td><\/tr><tr><td><\/td><td><strong>CIERRE DEL SEMINARIO<\/strong><\/td><\/tr><tr><td><strong>16:30<\/strong><\/td><td><strong>Cierre y fin de la jornada<\/strong><br><em><a href=\"\/seminario-expertos\/ponentes#FernandoTazon\">Fernando Taz\u00f3n<\/a>, ASINFARMA<\/em><\/td><\/tr><\/tbody><\/table><\/figure>\n","protected":false},"excerpt":{"rendered":"<p>Ponencias sobre Procesos Est\u00e9riles previstas para los pr\u00f3ximos 7 y 8 de mayo Martes, 7 de mayo INAUGURACI\u00d3N DEL SEMINARIO 09:00 BienvenidaFernando Taz\u00f3n, ASINFARMA CASOS REALES DE LA INDUSTRIA 09:15 Impacto del Anexo 1: de un proceso de dosificado as\u00e9ptico convencional al uso de RABSLaura Rojas, INIBSA 10:00 Implementaci\u00f3n pr\u00e1ctica de la estrategia de control &#8230; <a title=\"Programa seminario expertos 2024\" class=\"read-more\" href=\"https:\/\/www.asinfarma.com\/seminario-expertos\/procesos-esteriles-2024\/programa-2024\/\" aria-label=\"Leer m\u00e1s sobre Programa seminario expertos 2024\">Leer m\u00e1s<\/a><\/p>\n","protected":false},"author":1,"featured_media":0,"parent":2,"menu_order":0,"comment_status":"closed","ping_status":"closed","template":"","meta":{"inline_featured_image":false,"footnotes":""},"class_list":["post-57","page","type-page","status-publish"],"yoast_head":"<!-- This site is optimized with the Yoast SEO plugin v26.9 - https:\/\/yoast.com\/product\/yoast-seo-wordpress\/ -->\n<title>Programa seminario expertos 2024 - Seminario de expertos<\/title>\n<meta name=\"robots\" content=\"index, follow, max-snippet:-1, max-image-preview:large, max-video-preview:-1\" \/>\n<link rel=\"canonical\" href=\"https:\/\/www.asinfarma.com\/seminario-expertos\/procesos-esteriles-2024\/programa-2024\/\" \/>\n<meta property=\"og:locale\" content=\"es_ES\" \/>\n<meta property=\"og:type\" content=\"article\" \/>\n<meta property=\"og:title\" content=\"Programa seminario expertos 2024 - Seminario de expertos\" \/>\n<meta property=\"og:description\" content=\"Ponencias sobre Procesos Est\u00e9riles previstas para los pr\u00f3ximos 7 y 8 de mayo Martes, 7 de mayo INAUGURACI\u00d3N DEL SEMINARIO 09:00 BienvenidaFernando Taz\u00f3n, ASINFARMA CASOS REALES DE LA INDUSTRIA 09:15 Impacto del Anexo 1: de un proceso de dosificado as\u00e9ptico convencional al uso de RABSLaura Rojas, INIBSA 10:00 Implementaci\u00f3n pr\u00e1ctica de la estrategia de control ... Leer m\u00e1s\" \/>\n<meta property=\"og:url\" content=\"https:\/\/www.asinfarma.com\/seminario-expertos\/procesos-esteriles-2024\/programa-2024\/\" \/>\n<meta property=\"og:site_name\" content=\"Seminario de expertos\" \/>\n<meta property=\"article:modified_time\" content=\"2025-12-11T20:31:32+00:00\" \/>\n<meta name=\"twitter:card\" content=\"summary_large_image\" \/>\n<meta name=\"twitter:label1\" content=\"Tiempo de lectura\" \/>\n\t<meta name=\"twitter:data1\" content=\"2 minutos\" \/>\n<script type=\"application\/ld+json\" class=\"yoast-schema-graph\">{\"@context\":\"https:\/\/schema.org\",\"@graph\":[{\"@type\":\"WebPage\",\"@id\":\"https:\/\/www.asinfarma.com\/seminario-expertos\/procesos-esteriles-2024\/programa-2024\/\",\"url\":\"https:\/\/www.asinfarma.com\/seminario-expertos\/procesos-esteriles-2024\/programa-2024\/\",\"name\":\"Programa seminario expertos 2024 - Seminario de expertos\",\"isPartOf\":{\"@id\":\"https:\/\/www.asinfarma.com\/seminario-expertos\/#website\"},\"datePublished\":\"2024-01-16T11:43:14+00:00\",\"dateModified\":\"2025-12-11T20:31:32+00:00\",\"breadcrumb\":{\"@id\":\"https:\/\/www.asinfarma.com\/seminario-expertos\/procesos-esteriles-2024\/programa-2024\/#breadcrumb\"},\"inLanguage\":\"es\",\"potentialAction\":[{\"@type\":\"ReadAction\",\"target\":[\"https:\/\/www.asinfarma.com\/seminario-expertos\/procesos-esteriles-2024\/programa-2024\/\"]}]},{\"@type\":\"BreadcrumbList\",\"@id\":\"https:\/\/www.asinfarma.com\/seminario-expertos\/procesos-esteriles-2024\/programa-2024\/#breadcrumb\",\"itemListElement\":[{\"@type\":\"ListItem\",\"position\":1,\"name\":\"Procesos est\u00e9riles 2024\",\"item\":\"https:\/\/www.asinfarma.com\/seminario-expertos\/procesos-esteriles-2024\/\"},{\"@type\":\"ListItem\",\"position\":2,\"name\":\"Programa seminario expertos 2024\"}]},{\"@type\":\"WebSite\",\"@id\":\"https:\/\/www.asinfarma.com\/seminario-expertos\/#website\",\"url\":\"https:\/\/www.asinfarma.com\/seminario-expertos\/\",\"name\":\"Seminario de expertos\",\"description\":\"\",\"publisher\":{\"@id\":\"https:\/\/www.asinfarma.com\/seminario-expertos\/#organization\"},\"potentialAction\":[{\"@type\":\"SearchAction\",\"target\":{\"@type\":\"EntryPoint\",\"urlTemplate\":\"https:\/\/www.asinfarma.com\/seminario-expertos\/?s={search_term_string}\"},\"query-input\":{\"@type\":\"PropertyValueSpecification\",\"valueRequired\":true,\"valueName\":\"search_term_string\"}}],\"inLanguage\":\"es\"},{\"@type\":\"Organization\",\"@id\":\"https:\/\/www.asinfarma.com\/seminario-expertos\/#organization\",\"name\":\"Seminario de expertos\",\"url\":\"https:\/\/www.asinfarma.com\/seminario-expertos\/\",\"logo\":{\"@type\":\"ImageObject\",\"inLanguage\":\"es\",\"@id\":\"https:\/\/www.asinfarma.com\/seminario-expertos\/#\/schema\/logo\/image\/\",\"url\":\"https:\/\/www.asinfarma.com\/seminario-expertos\/wp-content\/uploads\/sites\/2\/2025\/02\/logo-seminario-expertos_color.svg\",\"contentUrl\":\"https:\/\/www.asinfarma.com\/seminario-expertos\/wp-content\/uploads\/sites\/2\/2025\/02\/logo-seminario-expertos_color.svg\",\"caption\":\"Seminario de expertos\"},\"image\":{\"@id\":\"https:\/\/www.asinfarma.com\/seminario-expertos\/#\/schema\/logo\/image\/\"}}]}<\/script>\n<!-- \/ Yoast SEO plugin. -->","yoast_head_json":{"title":"Programa seminario expertos 2024 - Seminario de expertos","robots":{"index":"index","follow":"follow","max-snippet":"max-snippet:-1","max-image-preview":"max-image-preview:large","max-video-preview":"max-video-preview:-1"},"canonical":"https:\/\/www.asinfarma.com\/seminario-expertos\/procesos-esteriles-2024\/programa-2024\/","og_locale":"es_ES","og_type":"article","og_title":"Programa seminario expertos 2024 - Seminario de expertos","og_description":"Ponencias sobre Procesos Est\u00e9riles previstas para los pr\u00f3ximos 7 y 8 de mayo Martes, 7 de mayo INAUGURACI\u00d3N DEL SEMINARIO 09:00 BienvenidaFernando Taz\u00f3n, ASINFARMA CASOS REALES DE LA INDUSTRIA 09:15 Impacto del Anexo 1: de un proceso de dosificado as\u00e9ptico convencional al uso de RABSLaura Rojas, INIBSA 10:00 Implementaci\u00f3n pr\u00e1ctica de la estrategia de control ... Leer m\u00e1s","og_url":"https:\/\/www.asinfarma.com\/seminario-expertos\/procesos-esteriles-2024\/programa-2024\/","og_site_name":"Seminario de expertos","article_modified_time":"2025-12-11T20:31:32+00:00","twitter_card":"summary_large_image","twitter_misc":{"Tiempo de lectura":"2 minutos"},"schema":{"@context":"https:\/\/schema.org","@graph":[{"@type":"WebPage","@id":"https:\/\/www.asinfarma.com\/seminario-expertos\/procesos-esteriles-2024\/programa-2024\/","url":"https:\/\/www.asinfarma.com\/seminario-expertos\/procesos-esteriles-2024\/programa-2024\/","name":"Programa seminario expertos 2024 - Seminario de expertos","isPartOf":{"@id":"https:\/\/www.asinfarma.com\/seminario-expertos\/#website"},"datePublished":"2024-01-16T11:43:14+00:00","dateModified":"2025-12-11T20:31:32+00:00","breadcrumb":{"@id":"https:\/\/www.asinfarma.com\/seminario-expertos\/procesos-esteriles-2024\/programa-2024\/#breadcrumb"},"inLanguage":"es","potentialAction":[{"@type":"ReadAction","target":["https:\/\/www.asinfarma.com\/seminario-expertos\/procesos-esteriles-2024\/programa-2024\/"]}]},{"@type":"BreadcrumbList","@id":"https:\/\/www.asinfarma.com\/seminario-expertos\/procesos-esteriles-2024\/programa-2024\/#breadcrumb","itemListElement":[{"@type":"ListItem","position":1,"name":"Procesos est\u00e9riles 2024","item":"https:\/\/www.asinfarma.com\/seminario-expertos\/procesos-esteriles-2024\/"},{"@type":"ListItem","position":2,"name":"Programa seminario expertos 2024"}]},{"@type":"WebSite","@id":"https:\/\/www.asinfarma.com\/seminario-expertos\/#website","url":"https:\/\/www.asinfarma.com\/seminario-expertos\/","name":"Seminario de expertos","description":"","publisher":{"@id":"https:\/\/www.asinfarma.com\/seminario-expertos\/#organization"},"potentialAction":[{"@type":"SearchAction","target":{"@type":"EntryPoint","urlTemplate":"https:\/\/www.asinfarma.com\/seminario-expertos\/?s={search_term_string}"},"query-input":{"@type":"PropertyValueSpecification","valueRequired":true,"valueName":"search_term_string"}}],"inLanguage":"es"},{"@type":"Organization","@id":"https:\/\/www.asinfarma.com\/seminario-expertos\/#organization","name":"Seminario de expertos","url":"https:\/\/www.asinfarma.com\/seminario-expertos\/","logo":{"@type":"ImageObject","inLanguage":"es","@id":"https:\/\/www.asinfarma.com\/seminario-expertos\/#\/schema\/logo\/image\/","url":"https:\/\/www.asinfarma.com\/seminario-expertos\/wp-content\/uploads\/sites\/2\/2025\/02\/logo-seminario-expertos_color.svg","contentUrl":"https:\/\/www.asinfarma.com\/seminario-expertos\/wp-content\/uploads\/sites\/2\/2025\/02\/logo-seminario-expertos_color.svg","caption":"Seminario de expertos"},"image":{"@id":"https:\/\/www.asinfarma.com\/seminario-expertos\/#\/schema\/logo\/image\/"}}]}},"_links":{"self":[{"href":"https:\/\/www.asinfarma.com\/seminario-expertos\/wp-json\/wp\/v2\/pages\/57","targetHints":{"allow":["GET"]}}],"collection":[{"href":"https:\/\/www.asinfarma.com\/seminario-expertos\/wp-json\/wp\/v2\/pages"}],"about":[{"href":"https:\/\/www.asinfarma.com\/seminario-expertos\/wp-json\/wp\/v2\/types\/page"}],"author":[{"embeddable":true,"href":"https:\/\/www.asinfarma.com\/seminario-expertos\/wp-json\/wp\/v2\/users\/1"}],"replies":[{"embeddable":true,"href":"https:\/\/www.asinfarma.com\/seminario-expertos\/wp-json\/wp\/v2\/comments?post=57"}],"version-history":[{"count":1,"href":"https:\/\/www.asinfarma.com\/seminario-expertos\/wp-json\/wp\/v2\/pages\/57\/revisions"}],"predecessor-version":[{"id":700,"href":"https:\/\/www.asinfarma.com\/seminario-expertos\/wp-json\/wp\/v2\/pages\/57\/revisions\/700"}],"up":[{"embeddable":true,"href":"https:\/\/www.asinfarma.com\/seminario-expertos\/wp-json\/wp\/v2\/pages\/2"}],"wp:attachment":[{"href":"https:\/\/www.asinfarma.com\/seminario-expertos\/wp-json\/wp\/v2\/media?parent=57"}],"curies":[{"name":"wp","href":"https:\/\/api.w.org\/{rel}","templated":true}]}}