{"id":574,"date":"2025-12-10T13:18:16","date_gmt":"2025-12-10T12:18:16","guid":{"rendered":"https:\/\/www.asinfarma.com\/seminario-expertos\/?page_id=574"},"modified":"2026-03-30T13:00:10","modified_gmt":"2026-03-30T11:00:10","slug":"organizadores-2026","status":"publish","type":"page","link":"https:\/\/www.asinfarma.com\/seminario-expertos\/procesos-esteriles-2026\/organizadores-2026\/","title":{"rendered":"Organizadores 2026"},"content":{"rendered":"\n<h1 class=\"wp-block-heading\"><strong>Equipo organizador<\/strong><\/h1>\n\n\n\n<div style=\"height:40px\" aria-hidden=\"true\" class=\"wp-block-spacer\"><\/div>\n\n\n\n<div class=\"wp-block-columns is-layout-flex wp-container-core-columns-is-layout-9d6595d7 wp-block-columns-is-layout-flex\">\n<div class=\"wp-block-column is-layout-flow wp-block-column-is-layout-flow\"><div class=\"wp-block-image is-style-rounded\">\n<figure class=\"aligncenter size-full is-resized\"><img loading=\"lazy\" decoding=\"async\" width=\"350\" height=\"350\" src=\"https:\/\/www.asinfarma.com\/seminario-expertos\/wp-content\/uploads\/sites\/2\/2024\/02\/fernando-tazon-c.jpg\" alt=\"Fernando Taz\u00f3n\" class=\"wp-image-489\" style=\"width:200px\" srcset=\"https:\/\/www.asinfarma.com\/seminario-expertos\/wp-content\/uploads\/sites\/2\/2024\/02\/fernando-tazon-c.jpg 350w, https:\/\/www.asinfarma.com\/seminario-expertos\/wp-content\/uploads\/sites\/2\/2024\/02\/fernando-tazon-c-300x300.jpg 300w, https:\/\/www.asinfarma.com\/seminario-expertos\/wp-content\/uploads\/sites\/2\/2024\/02\/fernando-tazon-c-150x150.jpg 150w\" sizes=\"auto, (max-width: 350px) 100vw, 350px\" \/><\/figure><\/div>\n\n\n<p class=\"has-text-align-center\"><strong>Fernando Taz\u00f3n<\/strong><br>Fundador y director ejecutivo<br><strong>Presidente<\/strong><\/p>\n<\/div>\n\n\n\n<div class=\"wp-block-column is-layout-flow wp-block-column-is-layout-flow\"><div class=\"wp-block-image is-style-rounded\">\n<figure class=\"aligncenter size-full is-resized\"><img loading=\"lazy\" decoding=\"async\" width=\"350\" height=\"350\" src=\"https:\/\/www.asinfarma.com\/seminario-expertos\/wp-content\/uploads\/sites\/2\/2024\/01\/Mar-Marti.jpg\" alt=\"Mar Mart\u00ed\" class=\"wp-image-286\" style=\"width:200px\" srcset=\"https:\/\/www.asinfarma.com\/seminario-expertos\/wp-content\/uploads\/sites\/2\/2024\/01\/Mar-Marti.jpg 350w, https:\/\/www.asinfarma.com\/seminario-expertos\/wp-content\/uploads\/sites\/2\/2024\/01\/Mar-Marti-300x300.jpg 300w, https:\/\/www.asinfarma.com\/seminario-expertos\/wp-content\/uploads\/sites\/2\/2024\/01\/Mar-Marti-150x150.jpg 150w\" sizes=\"auto, (max-width: 350px) 100vw, 350px\" \/><\/figure><\/div>\n\n\n<p class=\"has-text-align-center\"><strong>Mar Mart\u00ed<\/strong><br>Consultora ejecutiva<br><strong>Vicepresidenta<\/strong><br><\/p>\n<\/div>\n\n\n\n<div class=\"wp-block-column is-layout-flow wp-block-column-is-layout-flow\"><div class=\"wp-block-image is-style-rounded\">\n<figure class=\"aligncenter size-full is-resized\"><img loading=\"lazy\" decoding=\"async\" width=\"350\" height=\"350\" src=\"https:\/\/www.asinfarma.com\/seminario-expertos\/wp-content\/uploads\/sites\/2\/2026\/01\/Elena-Tejada-350.jpg\" alt=\"Elena Tejada\" class=\"wp-image-904\" style=\"width:200px\" srcset=\"https:\/\/www.asinfarma.com\/seminario-expertos\/wp-content\/uploads\/sites\/2\/2026\/01\/Elena-Tejada-350.jpg 350w, https:\/\/www.asinfarma.com\/seminario-expertos\/wp-content\/uploads\/sites\/2\/2026\/01\/Elena-Tejada-350-300x300.jpg 300w, https:\/\/www.asinfarma.com\/seminario-expertos\/wp-content\/uploads\/sites\/2\/2026\/01\/Elena-Tejada-350-150x150.jpg 150w\" sizes=\"auto, (max-width: 350px) 100vw, 350px\" \/><\/figure><\/div>\n\n\n<p class=\"has-text-align-center\"><strong>Elena Tejada<\/strong><br>Gerente operativa<br><strong>Coordinadora<\/strong><br><\/p>\n<\/div>\n\n\n\n<div class=\"wp-block-column is-layout-flow wp-block-column-is-layout-flow\"><div class=\"wp-block-image is-style-rounded\">\n<figure class=\"aligncenter size-full is-resized\"><img loading=\"lazy\" decoding=\"async\" width=\"350\" height=\"350\" src=\"https:\/\/www.asinfarma.com\/seminario-expertos\/wp-content\/uploads\/sites\/2\/2024\/01\/Rogelio-Cortes.jpg\" alt=\"Rogelio Cort\u00e9s\" class=\"wp-image-261\" style=\"width:200px\" srcset=\"https:\/\/www.asinfarma.com\/seminario-expertos\/wp-content\/uploads\/sites\/2\/2024\/01\/Rogelio-Cortes.jpg 350w, https:\/\/www.asinfarma.com\/seminario-expertos\/wp-content\/uploads\/sites\/2\/2024\/01\/Rogelio-Cortes-300x300.jpg 300w, https:\/\/www.asinfarma.com\/seminario-expertos\/wp-content\/uploads\/sites\/2\/2024\/01\/Rogelio-Cortes-150x150.jpg 150w\" sizes=\"auto, (max-width: 350px) 100vw, 350px\" \/><\/figure><\/div>\n\n\n<p class=\"has-text-align-center\"><strong>Rogelio Cort\u00e9s<\/strong><br>Responsable microbiolog\u00eda<br><strong>Coordinador<\/strong><br><\/p>\n<\/div>\n<\/div>\n\n\n\n<div class=\"wp-block-columns is-layout-flex wp-container-core-columns-is-layout-9d6595d7 wp-block-columns-is-layout-flex\">\n<div class=\"wp-block-column is-layout-flow wp-block-column-is-layout-flow\"><div class=\"wp-block-image is-style-rounded\">\n<figure class=\"aligncenter size-full is-resized\"><img loading=\"lazy\" decoding=\"async\" width=\"350\" height=\"350\" src=\"https:\/\/www.asinfarma.com\/seminario-expertos\/wp-content\/uploads\/sites\/2\/2024\/01\/Gabriel-Duran.jpg\" alt=\"Gabriel Dur\u00e1n\" class=\"wp-image-331\" style=\"width:200px\" srcset=\"https:\/\/www.asinfarma.com\/seminario-expertos\/wp-content\/uploads\/sites\/2\/2024\/01\/Gabriel-Duran.jpg 350w, https:\/\/www.asinfarma.com\/seminario-expertos\/wp-content\/uploads\/sites\/2\/2024\/01\/Gabriel-Duran-300x300.jpg 300w, https:\/\/www.asinfarma.com\/seminario-expertos\/wp-content\/uploads\/sites\/2\/2024\/01\/Gabriel-Duran-150x150.jpg 150w\" sizes=\"auto, (max-width: 350px) 100vw, 350px\" \/><\/figure><\/div>\n\n\n<p class=\"has-text-align-center\"><strong>Gabriel Dur\u00e1n<\/strong><br>Responsable ingenier\u00eda<br><strong>Coordinador<\/strong><br><\/p>\n<\/div>\n\n\n\n<div class=\"wp-block-column is-layout-flow wp-block-column-is-layout-flow\"><div class=\"wp-block-image is-style-rounded\">\n<figure class=\"aligncenter size-full is-resized\"><img loading=\"lazy\" decoding=\"async\" width=\"350\" height=\"350\" src=\"https:\/\/www.asinfarma.com\/seminario-expertos\/wp-content\/uploads\/sites\/2\/2025\/12\/AdelyRio.jpg\" alt=\"Adely Rio\" class=\"wp-image-581\" style=\"width:200px\" srcset=\"https:\/\/www.asinfarma.com\/seminario-expertos\/wp-content\/uploads\/sites\/2\/2025\/12\/AdelyRio.jpg 350w, https:\/\/www.asinfarma.com\/seminario-expertos\/wp-content\/uploads\/sites\/2\/2025\/12\/AdelyRio-300x300.jpg 300w, https:\/\/www.asinfarma.com\/seminario-expertos\/wp-content\/uploads\/sites\/2\/2025\/12\/AdelyRio-150x150.jpg 150w\" sizes=\"auto, (max-width: 350px) 100vw, 350px\" \/><\/figure><\/div>\n\n\n<p class=\"has-text-align-center\"><strong>Adely Rio<\/strong><br>Responsable de procesos<br><strong>Coordinador<\/strong><br><\/p>\n<\/div>\n\n\n\n<div class=\"wp-block-column is-layout-flow wp-block-column-is-layout-flow\"><div class=\"wp-block-image is-style-rounded\">\n<figure class=\"aligncenter size-full is-resized\"><img loading=\"lazy\" decoding=\"async\" width=\"350\" height=\"350\" src=\"https:\/\/www.asinfarma.com\/seminario-expertos\/wp-content\/uploads\/sites\/2\/2024\/02\/Raquel-Martinez.jpg\" alt=\"Raquel Mart\u00ednez\" class=\"wp-image-491\" style=\"width:200px\" srcset=\"https:\/\/www.asinfarma.com\/seminario-expertos\/wp-content\/uploads\/sites\/2\/2024\/02\/Raquel-Martinez.jpg 350w, https:\/\/www.asinfarma.com\/seminario-expertos\/wp-content\/uploads\/sites\/2\/2024\/02\/Raquel-Martinez-300x300.jpg 300w, https:\/\/www.asinfarma.com\/seminario-expertos\/wp-content\/uploads\/sites\/2\/2024\/02\/Raquel-Martinez-150x150.jpg 150w\" sizes=\"auto, (max-width: 350px) 100vw, 350px\" \/><\/figure><\/div>\n\n\n<p class=\"has-text-align-center\"><strong>Raquel Mart\u00ednez<\/strong><br>Responsable administraci\u00f3n<br><strong>Coordinadora<\/strong><br><\/p>\n\n\n<div class=\"wp-block-image is-style-rounded hide\">\n<figure class=\"aligncenter size-full is-resized\"><img loading=\"lazy\" decoding=\"async\" width=\"350\" height=\"350\" src=\"https:\/\/www.asinfarma.com\/seminario-expertos\/wp-content\/uploads\/sites\/2\/2025\/12\/AlvaroCastano.jpg\" alt=\"\u00c1lvaro Casta\u00f1o\" class=\"wp-image-583\" style=\"width:200px\" srcset=\"https:\/\/www.asinfarma.com\/seminario-expertos\/wp-content\/uploads\/sites\/2\/2025\/12\/AlvaroCastano.jpg 350w, https:\/\/www.asinfarma.com\/seminario-expertos\/wp-content\/uploads\/sites\/2\/2025\/12\/AlvaroCastano-300x300.jpg 300w, https:\/\/www.asinfarma.com\/seminario-expertos\/wp-content\/uploads\/sites\/2\/2025\/12\/AlvaroCastano-150x150.jpg 150w\" sizes=\"auto, (max-width: 350px) 100vw, 350px\" \/><\/figure><\/div>\n\n\n<p class=\"has-text-align-center hide\"><strong>\u00c1lvaro Casta\u00f1o<\/strong><br>Responsable marketing<br><strong>Coordinador<\/strong><br><\/p>\n<\/div>\n\n\n\n<div class=\"wp-block-column is-layout-flow wp-block-column-is-layout-flow\"><\/div>\n<\/div>\n","protected":false},"excerpt":{"rendered":"<p>Equipo organizador Fernando Taz\u00f3nFundador y director ejecutivoPresidente Mar Mart\u00edConsultora ejecutivaVicepresidenta Elena TejadaGerente operativaCoordinadora Rogelio Cort\u00e9sResponsable microbiolog\u00edaCoordinador Gabriel Dur\u00e1nResponsable ingenier\u00edaCoordinador Adely RioResponsable de procesosCoordinador Raquel Mart\u00ednezResponsable administraci\u00f3nCoordinadora \u00c1lvaro Casta\u00f1oResponsable marketingCoordinador<\/p>\n","protected":false},"author":1,"featured_media":0,"parent":544,"menu_order":0,"comment_status":"closed","ping_status":"closed","template":"","meta":{"inline_featured_image":false,"footnotes":""},"class_list":["post-574","page","type-page","status-publish"],"yoast_head":"<!-- This site is optimized with the Yoast SEO plugin v26.9 - https:\/\/yoast.com\/product\/yoast-seo-wordpress\/ -->\n<title>Organizadores 2026 - Seminario de expertos<\/title>\n<meta name=\"robots\" content=\"index, follow, max-snippet:-1, max-image-preview:large, max-video-preview:-1\" \/>\n<link rel=\"canonical\" href=\"https:\/\/www.asinfarma.com\/seminario-expertos\/procesos-esteriles-2026\/organizadores-2026\/\" \/>\n<meta property=\"og:locale\" content=\"es_ES\" \/>\n<meta property=\"og:type\" content=\"article\" \/>\n<meta property=\"og:title\" content=\"Organizadores 2026 - Seminario de expertos\" \/>\n<meta property=\"og:description\" content=\"Equipo organizador Fernando Taz\u00f3nFundador y director ejecutivoPresidente Mar Mart\u00edConsultora ejecutivaVicepresidenta Elena TejadaGerente operativaCoordinadora Rogelio Cort\u00e9sResponsable microbiolog\u00edaCoordinador Gabriel Dur\u00e1nResponsable ingenier\u00edaCoordinador Adely RioResponsable de procesosCoordinador Raquel Mart\u00ednezResponsable administraci\u00f3nCoordinadora \u00c1lvaro Casta\u00f1oResponsable marketingCoordinador\" \/>\n<meta property=\"og:url\" content=\"https:\/\/www.asinfarma.com\/seminario-expertos\/procesos-esteriles-2026\/organizadores-2026\/\" \/>\n<meta property=\"og:site_name\" content=\"Seminario de expertos\" \/>\n<meta property=\"article:modified_time\" content=\"2026-03-30T11:00:10+00:00\" \/>\n<meta property=\"og:image\" content=\"https:\/\/www.asinfarma.com\/seminario-expertos\/wp-content\/uploads\/sites\/2\/2024\/02\/fernando-tazon-c.jpg\" \/>\n\t<meta property=\"og:image:width\" content=\"350\" \/>\n\t<meta property=\"og:image:height\" content=\"350\" \/>\n\t<meta property=\"og:image:type\" content=\"image\/jpeg\" \/>\n<meta name=\"twitter:card\" content=\"summary_large_image\" \/>\n<meta name=\"twitter:label1\" content=\"Tiempo de lectura\" \/>\n\t<meta name=\"twitter:data1\" content=\"2 minutos\" \/>\n<script type=\"application\/ld+json\" class=\"yoast-schema-graph\">{\"@context\":\"https:\/\/schema.org\",\"@graph\":[{\"@type\":\"WebPage\",\"@id\":\"https:\/\/www.asinfarma.com\/seminario-expertos\/procesos-esteriles-2026\/organizadores-2026\/\",\"url\":\"https:\/\/www.asinfarma.com\/seminario-expertos\/procesos-esteriles-2026\/organizadores-2026\/\",\"name\":\"Organizadores 2026 - Seminario de expertos\",\"isPartOf\":{\"@id\":\"https:\/\/www.asinfarma.com\/seminario-expertos\/#website\"},\"primaryImageOfPage\":{\"@id\":\"https:\/\/www.asinfarma.com\/seminario-expertos\/procesos-esteriles-2026\/organizadores-2026\/#primaryimage\"},\"image\":{\"@id\":\"https:\/\/www.asinfarma.com\/seminario-expertos\/procesos-esteriles-2026\/organizadores-2026\/#primaryimage\"},\"thumbnailUrl\":\"https:\/\/www.asinfarma.com\/seminario-expertos\/wp-content\/uploads\/sites\/2\/2024\/02\/fernando-tazon-c.jpg\",\"datePublished\":\"2025-12-10T12:18:16+00:00\",\"dateModified\":\"2026-03-30T11:00:10+00:00\",\"breadcrumb\":{\"@id\":\"https:\/\/www.asinfarma.com\/seminario-expertos\/procesos-esteriles-2026\/organizadores-2026\/#breadcrumb\"},\"inLanguage\":\"es\",\"potentialAction\":[{\"@type\":\"ReadAction\",\"target\":[\"https:\/\/www.asinfarma.com\/seminario-expertos\/procesos-esteriles-2026\/organizadores-2026\/\"]}]},{\"@type\":\"ImageObject\",\"inLanguage\":\"es\",\"@id\":\"https:\/\/www.asinfarma.com\/seminario-expertos\/procesos-esteriles-2026\/organizadores-2026\/#primaryimage\",\"url\":\"https:\/\/www.asinfarma.com\/seminario-expertos\/wp-content\/uploads\/sites\/2\/2024\/02\/fernando-tazon-c.jpg\",\"contentUrl\":\"https:\/\/www.asinfarma.com\/seminario-expertos\/wp-content\/uploads\/sites\/2\/2024\/02\/fernando-tazon-c.jpg\",\"width\":350,\"height\":350,\"caption\":\"Fernando Taz\u00f3n\"},{\"@type\":\"BreadcrumbList\",\"@id\":\"https:\/\/www.asinfarma.com\/seminario-expertos\/procesos-esteriles-2026\/organizadores-2026\/#breadcrumb\",\"itemListElement\":[{\"@type\":\"ListItem\",\"position\":1,\"name\":\"Procesos est\u00e9riles 2026\",\"item\":\"https:\/\/www.asinfarma.com\/seminario-expertos\/\"},{\"@type\":\"ListItem\",\"position\":2,\"name\":\"Organizadores 2026\"}]},{\"@type\":\"WebSite\",\"@id\":\"https:\/\/www.asinfarma.com\/seminario-expertos\/#website\",\"url\":\"https:\/\/www.asinfarma.com\/seminario-expertos\/\",\"name\":\"Seminario de expertos\",\"description\":\"\",\"publisher\":{\"@id\":\"https:\/\/www.asinfarma.com\/seminario-expertos\/#organization\"},\"potentialAction\":[{\"@type\":\"SearchAction\",\"target\":{\"@type\":\"EntryPoint\",\"urlTemplate\":\"https:\/\/www.asinfarma.com\/seminario-expertos\/?s={search_term_string}\"},\"query-input\":{\"@type\":\"PropertyValueSpecification\",\"valueRequired\":true,\"valueName\":\"search_term_string\"}}],\"inLanguage\":\"es\"},{\"@type\":\"Organization\",\"@id\":\"https:\/\/www.asinfarma.com\/seminario-expertos\/#organization\",\"name\":\"Seminario de expertos\",\"url\":\"https:\/\/www.asinfarma.com\/seminario-expertos\/\",\"logo\":{\"@type\":\"ImageObject\",\"inLanguage\":\"es\",\"@id\":\"https:\/\/www.asinfarma.com\/seminario-expertos\/#\/schema\/logo\/image\/\",\"url\":\"https:\/\/www.asinfarma.com\/seminario-expertos\/wp-content\/uploads\/sites\/2\/2025\/02\/logo-seminario-expertos_color.svg\",\"contentUrl\":\"https:\/\/www.asinfarma.com\/seminario-expertos\/wp-content\/uploads\/sites\/2\/2025\/02\/logo-seminario-expertos_color.svg\",\"caption\":\"Seminario de expertos\"},\"image\":{\"@id\":\"https:\/\/www.asinfarma.com\/seminario-expertos\/#\/schema\/logo\/image\/\"}}]}<\/script>\n<!-- \/ Yoast SEO plugin. -->","yoast_head_json":{"title":"Organizadores 2026 - Seminario de expertos","robots":{"index":"index","follow":"follow","max-snippet":"max-snippet:-1","max-image-preview":"max-image-preview:large","max-video-preview":"max-video-preview:-1"},"canonical":"https:\/\/www.asinfarma.com\/seminario-expertos\/procesos-esteriles-2026\/organizadores-2026\/","og_locale":"es_ES","og_type":"article","og_title":"Organizadores 2026 - Seminario de expertos","og_description":"Equipo organizador Fernando Taz\u00f3nFundador y director ejecutivoPresidente Mar Mart\u00edConsultora ejecutivaVicepresidenta Elena TejadaGerente operativaCoordinadora Rogelio Cort\u00e9sResponsable microbiolog\u00edaCoordinador Gabriel Dur\u00e1nResponsable ingenier\u00edaCoordinador Adely RioResponsable de procesosCoordinador Raquel Mart\u00ednezResponsable administraci\u00f3nCoordinadora \u00c1lvaro Casta\u00f1oResponsable marketingCoordinador","og_url":"https:\/\/www.asinfarma.com\/seminario-expertos\/procesos-esteriles-2026\/organizadores-2026\/","og_site_name":"Seminario de expertos","article_modified_time":"2026-03-30T11:00:10+00:00","og_image":[{"width":350,"height":350,"url":"https:\/\/www.asinfarma.com\/seminario-expertos\/wp-content\/uploads\/sites\/2\/2024\/02\/fernando-tazon-c.jpg","type":"image\/jpeg"}],"twitter_card":"summary_large_image","twitter_misc":{"Tiempo de lectura":"2 minutos"},"schema":{"@context":"https:\/\/schema.org","@graph":[{"@type":"WebPage","@id":"https:\/\/www.asinfarma.com\/seminario-expertos\/procesos-esteriles-2026\/organizadores-2026\/","url":"https:\/\/www.asinfarma.com\/seminario-expertos\/procesos-esteriles-2026\/organizadores-2026\/","name":"Organizadores 2026 - Seminario de expertos","isPartOf":{"@id":"https:\/\/www.asinfarma.com\/seminario-expertos\/#website"},"primaryImageOfPage":{"@id":"https:\/\/www.asinfarma.com\/seminario-expertos\/procesos-esteriles-2026\/organizadores-2026\/#primaryimage"},"image":{"@id":"https:\/\/www.asinfarma.com\/seminario-expertos\/procesos-esteriles-2026\/organizadores-2026\/#primaryimage"},"thumbnailUrl":"https:\/\/www.asinfarma.com\/seminario-expertos\/wp-content\/uploads\/sites\/2\/2024\/02\/fernando-tazon-c.jpg","datePublished":"2025-12-10T12:18:16+00:00","dateModified":"2026-03-30T11:00:10+00:00","breadcrumb":{"@id":"https:\/\/www.asinfarma.com\/seminario-expertos\/procesos-esteriles-2026\/organizadores-2026\/#breadcrumb"},"inLanguage":"es","potentialAction":[{"@type":"ReadAction","target":["https:\/\/www.asinfarma.com\/seminario-expertos\/procesos-esteriles-2026\/organizadores-2026\/"]}]},{"@type":"ImageObject","inLanguage":"es","@id":"https:\/\/www.asinfarma.com\/seminario-expertos\/procesos-esteriles-2026\/organizadores-2026\/#primaryimage","url":"https:\/\/www.asinfarma.com\/seminario-expertos\/wp-content\/uploads\/sites\/2\/2024\/02\/fernando-tazon-c.jpg","contentUrl":"https:\/\/www.asinfarma.com\/seminario-expertos\/wp-content\/uploads\/sites\/2\/2024\/02\/fernando-tazon-c.jpg","width":350,"height":350,"caption":"Fernando Taz\u00f3n"},{"@type":"BreadcrumbList","@id":"https:\/\/www.asinfarma.com\/seminario-expertos\/procesos-esteriles-2026\/organizadores-2026\/#breadcrumb","itemListElement":[{"@type":"ListItem","position":1,"name":"Procesos est\u00e9riles 2026","item":"https:\/\/www.asinfarma.com\/seminario-expertos\/"},{"@type":"ListItem","position":2,"name":"Organizadores 2026"}]},{"@type":"WebSite","@id":"https:\/\/www.asinfarma.com\/seminario-expertos\/#website","url":"https:\/\/www.asinfarma.com\/seminario-expertos\/","name":"Seminario de expertos","description":"","publisher":{"@id":"https:\/\/www.asinfarma.com\/seminario-expertos\/#organization"},"potentialAction":[{"@type":"SearchAction","target":{"@type":"EntryPoint","urlTemplate":"https:\/\/www.asinfarma.com\/seminario-expertos\/?s={search_term_string}"},"query-input":{"@type":"PropertyValueSpecification","valueRequired":true,"valueName":"search_term_string"}}],"inLanguage":"es"},{"@type":"Organization","@id":"https:\/\/www.asinfarma.com\/seminario-expertos\/#organization","name":"Seminario de expertos","url":"https:\/\/www.asinfarma.com\/seminario-expertos\/","logo":{"@type":"ImageObject","inLanguage":"es","@id":"https:\/\/www.asinfarma.com\/seminario-expertos\/#\/schema\/logo\/image\/","url":"https:\/\/www.asinfarma.com\/seminario-expertos\/wp-content\/uploads\/sites\/2\/2025\/02\/logo-seminario-expertos_color.svg","contentUrl":"https:\/\/www.asinfarma.com\/seminario-expertos\/wp-content\/uploads\/sites\/2\/2025\/02\/logo-seminario-expertos_color.svg","caption":"Seminario de expertos"},"image":{"@id":"https:\/\/www.asinfarma.com\/seminario-expertos\/#\/schema\/logo\/image\/"}}]}},"_links":{"self":[{"href":"https:\/\/www.asinfarma.com\/seminario-expertos\/wp-json\/wp\/v2\/pages\/574","targetHints":{"allow":["GET"]}}],"collection":[{"href":"https:\/\/www.asinfarma.com\/seminario-expertos\/wp-json\/wp\/v2\/pages"}],"about":[{"href":"https:\/\/www.asinfarma.com\/seminario-expertos\/wp-json\/wp\/v2\/types\/page"}],"author":[{"embeddable":true,"href":"https:\/\/www.asinfarma.com\/seminario-expertos\/wp-json\/wp\/v2\/users\/1"}],"replies":[{"embeddable":true,"href":"https:\/\/www.asinfarma.com\/seminario-expertos\/wp-json\/wp\/v2\/comments?post=574"}],"version-history":[{"count":6,"href":"https:\/\/www.asinfarma.com\/seminario-expertos\/wp-json\/wp\/v2\/pages\/574\/revisions"}],"predecessor-version":[{"id":907,"href":"https:\/\/www.asinfarma.com\/seminario-expertos\/wp-json\/wp\/v2\/pages\/574\/revisions\/907"}],"up":[{"embeddable":true,"href":"https:\/\/www.asinfarma.com\/seminario-expertos\/wp-json\/wp\/v2\/pages\/544"}],"wp:attachment":[{"href":"https:\/\/www.asinfarma.com\/seminario-expertos\/wp-json\/wp\/v2\/media?parent=574"}],"curies":[{"name":"wp","href":"https:\/\/api.w.org\/{rel}","templated":true}]}}